{"id":1061,"date":"2023-11-22T13:27:35","date_gmt":"2023-11-22T12:27:35","guid":{"rendered":"http:\/\/lesbruyres.local\/?page_id=1061"},"modified":"2025-07-26T18:12:00","modified_gmt":"2025-07-26T17:12:00","slug":"informazioni-legali","status":"publish","type":"page","link":"https:\/\/lesbruyeresdecarnac.com\/it\/informazioni-legali\/","title":{"rendered":"Informazioni legali"},"content":{"rendered":"<div data-elementor-type=\"wp-page\" data-elementor-id=\"1061\" class=\"elementor elementor-1061\" data-elementor-post-type=\"page\">\n\t\t\t\t<div class=\"elementor-element elementor-element-41407ab e-con-full e-flex e-con e-parent\" data-id=\"41407ab\" data-element_type=\"container\" data-e-type=\"container\" data-settings=\"{&quot;background_background&quot;:&quot;classic&quot;}\">\n\t\t<div class=\"elementor-element elementor-element-42af250 e-con-full e-flex e-con e-child\" data-id=\"42af250\" data-element_type=\"container\" data-e-type=\"container\">\n\t\t\t\t<div class=\"elementor-element elementor-element-bb752b7 elementor-widget elementor-widget-text-editor\" data-id=\"bb752b7\" data-element_type=\"widget\" data-e-type=\"widget\" data-widget_type=\"text-editor.default\">\n\t\t\t\t<div class=\"elementor-widget-container\">\n\t\t\t\t\t\t\t\t\t<h1>Note legali - Les Bruy\u00e8res de Carnac<\/h1><h2>1 - Modifica del sito<\/h2><p>In conformit\u00e0 con <strong><a href=\"https:\/\/www.legifrance.gouv.fr\/affichTexte.do?cidTexte=JORFTEXT000000801164#LEGIARTI000042038977\" target=\"_blank\" rel=\"noreferrer noopener\">Articolo 6 della legge n. 2004-575 del 21 giugno 2004.<\/a><\/strong> per la fiducia nell'economia digitale, gli utenti del sito web sono informati che <a href=\"https:\/\/lesbruyeresdecarnac.com\/it\"><strong>https:\/\/lesbruyeresdecarnac.com\/<\/strong><\/a> l'identit\u00e0 delle varie parti coinvolte nella sua attuazione e nel suo monitoraggio:<\/p><p><strong>Proprietario del sito : <\/strong><\/p><p>- Contatto: <br \/>contact@camping-lesbruyeres.com 0297523057<\/p><p>- Indirizzo: <br \/>Campeggio Les Bruy\u00e8res de Carnac<br \/>Luogo detto Kerogile<br \/>56340 Carnac<br \/>Francia.<\/p><p><strong>Identificazione dell'azienda :<\/strong><\/p><p>SAS con capitale sociale di 10.000 euro<\/p><p>- SIRENA :<\/p><p>- RCS o RM: Lorient B 480 546 845<\/p><p>- Indirizzo postale:<br \/>Campeggio Les Bruy\u00e8res de Carnac<br \/>Luogo detto Kerogile<br \/>56340 Carnac<br \/>Francia.<br \/><a href=\"https:\/\/lesbruyeresdecarnac.com\/wp-content\/uploads\/2021\/07\/2021.cgv_.fr_.pdf\"><strong>TERMINI E CONDIZIONI GENERALI<\/strong><\/a><\/p><p><strong>Direttore di pubblicazione :<\/strong><\/p><p>Chrystelle Ricordeau<br \/>Contatto: contact@camping-lesbruyeres.com<\/p><p><strong>Ospitato da :<\/strong><\/p><p>LWS<br \/>4, RUE GALVANI<br \/>75838 PARIS CEDEX<br \/>FRANCIA<br \/>01 77 62 30 03<\/p><p><strong>Responsabile della protezione dei dati : <\/strong><\/p><p>Chrystelle Ricordeau - contact@camping-lesbruyeres.com<\/p><p><strong>Altri collaboratori :<\/strong><\/p><h3>Creazione del sito web<\/h3><p>Iconico-digitale<br \/>Tel: +33 7.49.31.13.92<br \/>Email : contact@iconic-digital.fr<br \/>Sito web : <strong><a href=\"http:\/\/www.iconic-digital.fr\">www.iconic-digital.fr<\/a><\/strong><\/p><p>\u00a0<\/p><h2>2 - Propriet\u00e0 intellettuale e contraffazione.<\/h2><p>Les Bruy\u00e8res de Carnac \u00e8 titolare dei diritti di propriet\u00e0 intellettuale e detiene i diritti di utilizzo di tutti gli elementi accessibili sul sito, in particolare testi, immagini, grafici, loghi, video, architetture, icone e suoni.<\/p><p>\u00c8 vietata la riproduzione, la rappresentazione, la modifica, la pubblicazione, l'adattamento di tutti o parte degli elementi del sito, qualunque sia il mezzo o il procedimento utilizzato, salvo previa autorizzazione scritta di Christelle Ricordeau.<\/p><p>Qualsiasi utilizzo non autorizzato del sito o di uno qualsiasi degli elementi in esso contenuti sar\u00e0 considerato come una violazione e sar\u00e0 perseguito in conformit\u00e0 alle disposizioni degli articoli <a href=\"https:\/\/www.legifrance.gouv.fr\/affichCodeArticle.do?idArticle=LEGIARTI000032655082&amp;cidTexte=LEGITEXT000006069414&amp;dateTexte=20160605\" target=\"_blank\" rel=\"noreferrer noopener\"><strong>L.335-2 e seguenti del Codice della Propriet\u00e0 Intellettuale francese.<\/strong><\/a>.<\/p><h2>3 - Limitazioni di responsabilit\u00e0.<\/h2><p>Les Bruy\u00e8res de Carnac non pu\u00f2 essere ritenuta responsabile di eventuali danni diretti o indiretti causati alle apparecchiature dell'utente durante l'accesso al sito. <a href=\"https:\/\/lesbruyeresdecarnac.com\/it\"><strong>https:\/\/lesbruyeresdecarnac.com\/<\/strong><\/a>.<\/p><p>Les Bruy\u00e8res de Carnac non si assume alcuna responsabilit\u00e0 per l'uso che pu\u00f2 essere fatto delle informazioni e dei contenuti presenti su questo sito. <a href=\"https:\/\/lesbruyeresdecarnac.com\/it\"><strong>https:\/\/lesbruyeresdecarnac.com\/<\/strong><\/a>.<\/p><p>Les Bruy\u00e8res de Carnac si impegna a rendere il sito il pi\u00f9 sicuro possibile. <a href=\"https:\/\/lesbruyeresdecarnac.com\/it\"><strong>https:\/\/lesbruyeresdecarnac.com\/<\/strong><\/a>Tuttavia, non pu\u00f2 essere ritenuta responsabile se sul suo sito vengono importati e installati dati indesiderati a sua insaputa.<\/p><p>Le aree interattive (contatti o commenti) sono a disposizione degli utenti. si riserva il diritto di eliminare, senza preavviso, qualsiasi contenuto pubblicato in quest'area che contravvenga alla legislazione applicabile in Francia, in particolare alle disposizioni relative alla protezione dei dati.<\/p><p>Se del caso, la societ\u00e0 si riserva inoltre il diritto di ritenere l'utente responsabile civilmente e\/o penalmente, in particolare in caso di messaggi di natura razzista, ingiuriosa, diffamatoria o pornografica, indipendentemente dal mezzo utilizzato (testo, fotografie, ecc.).<\/p><h2>4 - CNIL e gestione dei dati personali.<\/h2><p>In conformit\u00e0 con le disposizioni di <strong><a href=\"https:\/\/www.legifrance.gouv.fr\/affichTexte.do?cidTexte=JORFTEXT000000886460\" target=\"_blank\" rel=\"noreferrer noopener\">Legge 78-17 del 6 gennaio 1978 e successive modifiche<\/a><\/strong>l'utente del <a href=\"https:\/\/lesbruyeresdecarnac.com\/it\"><strong>https:\/\/lesbruyeresdecarnac.com\/<\/strong><\/a> ha il diritto di accedere, modificare e cancellare le informazioni raccolte. Per esercitare tale diritto, inviare un messaggio al nostro Responsabile della protezione dei dati: <strong>Chrystelle Ricordeau<\/strong> &#8211; <strong>contact@camping-lesbruyeres.com<\/strong>.<\/p><h2>5 - Link ipertestuali e cookie<\/h2><p>Il sito web <strong><a href=\"http:\/\/https:\/\/lesbruyeresdecarnac.com\/\">https:\/\/lesbruyeresdecarnac.com\/<\/a><\/strong> contiene collegamenti ipertestuali ad altri siti e non si assume alcuna responsabilit\u00e0 per questi collegamenti esterni o per i collegamenti creati da altri siti a <a href=\"http:\/\/https:\/\/lesbruyeresdecarnac.com\/\"><strong>https:\/\/lesbruyeresdecarnac.com\/<\/strong><\/a>.<\/p><p>Navigazione nel sito <a href=\"https:\/\/lesbruyeresdecarnac.com\/it\"><strong>https:\/\/lesbruyeresdecarnac.com\/<\/strong><\/a> pu\u00f2 causare l'installazione di cookie sul computer dell'utente.<\/p><p>Un \"cookie\" \u00e8 un piccolo file che registra informazioni sulla navigazione di un utente su un sito. I dati ottenuti in questo modo possono essere utilizzati, ad esempio, per misurare il numero di visitatori.<\/p><p>\u00c8 possibile <strong>accettare o rifiutare i cookie<\/strong> modificando le impostazioni del browser. Non verranno depositati cookie senza il vostro consenso.<\/p><p>I cookie vengono memorizzati per un periodo massimo di un mese.<\/p><h2>6 - Legge applicabile e giurisdizione.<\/h2><p>Qualsiasi controversia relativa all'utilizzo del sito <a href=\"https:\/\/lesbruyeresdecarnac.com\/it\"><strong>https:\/\/lesbruyeresdecarnac.com\/<\/strong><\/a> \u00e8 disciplinato dalla legge francese. Salvo i casi in cui la legge non lo consenta, la giurisdizione esclusiva \u00e8 attribuita ai tribunali competenti di <strong>Lorient<\/strong>.<\/p>\t\t\t\t\t\t\t\t<\/div>\n\t\t\t\t<\/div>\n\t\t\t\t<\/div>\n\t\t\t\t<\/div>\n\t\t\t\t<\/div>","protected":false},"excerpt":{"rendered":"<p>Affitto di case mobili e sistemazioni insolite a Carnac -<br \/>\nLes Pirates at Carnac - Camping Les Bruy\u00e8res de Carnac Baie de Quiberon Morbihan Bretagne Sud Francia<\/p>","protected":false},"author":1,"featured_media":7,"parent":0,"menu_order":0,"comment_status":"closed","ping_status":"open","template":"","meta":{"_acf_changed":false,"inline_featured_image":false,"footnotes":""},"categories":[],"tags":[],"class_list":["post-1061","page","type-page","status-publish","has-post-thumbnail","hentry"],"acf":[],"yoast_head":"<!-- This site is optimized with the Yoast SEO plugin v27.4 - https:\/\/yoast.com\/product\/yoast-seo-wordpress\/ -->\n<title>Mentions l\u00e9gales Camping Les Bruy\u00e8res de Carnac 4*<\/title>\n<meta name=\"description\" content=\"Mentions l\u00e9gales - Camping Les Bruy\u00e8res de Carnac 4* dans le Golfe du Morbihan, en Baie de Quiberon, Bretagne Sud, France - Camping Carnac\" \/>\n<meta name=\"robots\" content=\"index, follow, max-snippet:-1, max-image-preview:large, max-video-preview:-1\" \/>\n<link rel=\"canonical\" href=\"https:\/\/lesbruyeresdecarnac.com\/it\/informazioni-legali\/\" \/>\n<meta property=\"og:locale\" content=\"it_IT\" \/>\n<meta property=\"og:type\" content=\"article\" \/>\n<meta property=\"og:title\" content=\"Mentions l\u00e9gales Camping Les Bruy\u00e8res de Carnac 4*\" \/>\n<meta property=\"og:description\" content=\"Mentions l\u00e9gales - Camping Les Bruy\u00e8res de Carnac 4* dans le Golfe du Morbihan, en Baie de Quiberon, Bretagne Sud, France - Camping Carnac\" \/>\n<meta property=\"og:url\" content=\"https:\/\/lesbruyeresdecarnac.com\/it\/informazioni-legali\/\" \/>\n<meta property=\"og:site_name\" content=\"Les Bruyeres de carnac\" \/>\n<meta property=\"article:publisher\" content=\"https:\/\/www.facebook.com\/Camping.les.Bruyeres.Carnac\" \/>\n<meta property=\"article:modified_time\" content=\"2025-07-26T17:12:00+00:00\" \/>\n<meta property=\"og:image\" content=\"https:\/\/lesbruyeresdecarnac.com\/wp-content\/uploads\/2023\/11\/NEW-LOGO-4-PIRATES-e1715868270390.jpg\" \/>\n\t<meta property=\"og:image:width\" content=\"1024\" \/>\n\t<meta property=\"og:image:height\" content=\"1024\" \/>\n\t<meta property=\"og:image:type\" content=\"image\/jpeg\" \/>\n<meta name=\"twitter:card\" content=\"summary_large_image\" \/>\n<meta name=\"twitter:label1\" content=\"Tempo di lettura stimato\" \/>\n\t<meta name=\"twitter:data1\" content=\"4 minuti\" \/>\n<script type=\"application\/ld+json\" class=\"yoast-schema-graph\">{\"@context\":\"https:\\\/\\\/schema.org\",\"@graph\":[{\"@type\":\"WebPage\",\"@id\":\"https:\\\/\\\/lesbruyeresdecarnac.com\\\/mentions-legales\\\/\",\"url\":\"https:\\\/\\\/lesbruyeresdecarnac.com\\\/mentions-legales\\\/\",\"name\":\"Mentions l\u00e9gales Camping Les Bruy\u00e8res de Carnac 4*\",\"isPartOf\":{\"@id\":\"https:\\\/\\\/lesbruyeresdecarnac.com\\\/#website\"},\"primaryImageOfPage\":{\"@id\":\"https:\\\/\\\/lesbruyeresdecarnac.com\\\/mentions-legales\\\/#primaryimage\"},\"image\":{\"@id\":\"https:\\\/\\\/lesbruyeresdecarnac.com\\\/mentions-legales\\\/#primaryimage\"},\"thumbnailUrl\":\"https:\\\/\\\/lesbruyeresdecarnac.com\\\/wp-content\\\/uploads\\\/2023\\\/11\\\/NEW-LOGO-4-PIRATES-e1715868270390.jpg\",\"datePublished\":\"2023-11-22T12:27:35+00:00\",\"dateModified\":\"2025-07-26T17:12:00+00:00\",\"description\":\"Mentions l\u00e9gales - Camping Les Bruy\u00e8res de Carnac 4* dans le Golfe du Morbihan, en Baie de Quiberon, Bretagne Sud, France - Camping Carnac\",\"inLanguage\":\"it-IT\",\"potentialAction\":[{\"@type\":\"ReadAction\",\"target\":[\"https:\\\/\\\/lesbruyeresdecarnac.com\\\/mentions-legales\\\/\"]}]},{\"@type\":\"ImageObject\",\"inLanguage\":\"it-IT\",\"@id\":\"https:\\\/\\\/lesbruyeresdecarnac.com\\\/mentions-legales\\\/#primaryimage\",\"url\":\"https:\\\/\\\/lesbruyeresdecarnac.com\\\/wp-content\\\/uploads\\\/2023\\\/11\\\/NEW-LOGO-4-PIRATES-e1715868270390.jpg\",\"contentUrl\":\"https:\\\/\\\/lesbruyeresdecarnac.com\\\/wp-content\\\/uploads\\\/2023\\\/11\\\/NEW-LOGO-4-PIRATES-e1715868270390.jpg\",\"width\":1024,\"height\":1024,\"caption\":\"Retrouvez les Pirates \u00e0 Carnac - Camping Les Bruy\u00e8res de Carnac Baie de Quiberon Morbihan Bretagne Sud France\"},{\"@type\":\"WebSite\",\"@id\":\"https:\\\/\\\/lesbruyeresdecarnac.com\\\/#website\",\"url\":\"https:\\\/\\\/lesbruyeresdecarnac.com\\\/\",\"name\":\"Les Bruyeres de carnac\",\"description\":\"Camping \u00e0 Carnac 4 \u00e9toiles\",\"publisher\":{\"@id\":\"https:\\\/\\\/lesbruyeresdecarnac.com\\\/#organization\"},\"potentialAction\":[{\"@type\":\"SearchAction\",\"target\":{\"@type\":\"EntryPoint\",\"urlTemplate\":\"https:\\\/\\\/lesbruyeresdecarnac.com\\\/?s={search_term_string}\"},\"query-input\":{\"@type\":\"PropertyValueSpecification\",\"valueRequired\":true,\"valueName\":\"search_term_string\"}}],\"inLanguage\":\"it-IT\"},{\"@type\":\"Organization\",\"@id\":\"https:\\\/\\\/lesbruyeresdecarnac.com\\\/#organization\",\"name\":\"Camping Les Bruy\u00e8res de Carnac\",\"url\":\"https:\\\/\\\/lesbruyeresdecarnac.com\\\/\",\"logo\":{\"@type\":\"ImageObject\",\"inLanguage\":\"it-IT\",\"@id\":\"https:\\\/\\\/lesbruyeresdecarnac.com\\\/#\\\/schema\\\/logo\\\/image\\\/\",\"url\":\"https:\\\/\\\/lesbruyeresdecarnac.com\\\/wp-content\\\/uploads\\\/2023\\\/11\\\/lesbruyeresblanctete.png\",\"contentUrl\":\"https:\\\/\\\/lesbruyeresdecarnac.com\\\/wp-content\\\/uploads\\\/2023\\\/11\\\/lesbruyeresblanctete.png\",\"width\":12501,\"height\":5910,\"caption\":\"Camping Les Bruy\u00e8res de Carnac\"},\"image\":{\"@id\":\"https:\\\/\\\/lesbruyeresdecarnac.com\\\/#\\\/schema\\\/logo\\\/image\\\/\"},\"sameAs\":[\"https:\\\/\\\/www.facebook.com\\\/Camping.les.Bruyeres.Carnac\",\"https:\\\/\\\/www.instagram.com\\\/campinglesbruyeresdecarnac\\\/\"]}]}<\/script>\n<!-- \/ Yoast SEO plugin. -->","yoast_head_json":{"title":"Mentions l\u00e9gales Camping Les Bruy\u00e8res de Carnac 4*","description":"Mentions l\u00e9gales - Camping Les Bruy\u00e8res de Carnac 4* dans le Golfe du Morbihan, en Baie de Quiberon, Bretagne Sud, France - Camping Carnac","robots":{"index":"index","follow":"follow","max-snippet":"max-snippet:-1","max-image-preview":"max-image-preview:large","max-video-preview":"max-video-preview:-1"},"canonical":"https:\/\/lesbruyeresdecarnac.com\/it\/informazioni-legali\/","og_locale":"it_IT","og_type":"article","og_title":"Mentions l\u00e9gales Camping Les Bruy\u00e8res de Carnac 4*","og_description":"Mentions l\u00e9gales - Camping Les Bruy\u00e8res de Carnac 4* dans le Golfe du Morbihan, en Baie de Quiberon, Bretagne Sud, France - Camping Carnac","og_url":"https:\/\/lesbruyeresdecarnac.com\/it\/informazioni-legali\/","og_site_name":"Les Bruyeres de carnac","article_publisher":"https:\/\/www.facebook.com\/Camping.les.Bruyeres.Carnac","article_modified_time":"2025-07-26T17:12:00+00:00","og_image":[{"width":1024,"height":1024,"url":"https:\/\/lesbruyeresdecarnac.com\/wp-content\/uploads\/2023\/11\/NEW-LOGO-4-PIRATES-e1715868270390.jpg","type":"image\/jpeg"}],"twitter_card":"summary_large_image","twitter_misc":{"Tempo di lettura stimato":"4 minuti"},"schema":{"@context":"https:\/\/schema.org","@graph":[{"@type":"WebPage","@id":"https:\/\/lesbruyeresdecarnac.com\/mentions-legales\/","url":"https:\/\/lesbruyeresdecarnac.com\/mentions-legales\/","name":"Mentions l\u00e9gales Camping Les Bruy\u00e8res de Carnac 4*","isPartOf":{"@id":"https:\/\/lesbruyeresdecarnac.com\/#website"},"primaryImageOfPage":{"@id":"https:\/\/lesbruyeresdecarnac.com\/mentions-legales\/#primaryimage"},"image":{"@id":"https:\/\/lesbruyeresdecarnac.com\/mentions-legales\/#primaryimage"},"thumbnailUrl":"https:\/\/lesbruyeresdecarnac.com\/wp-content\/uploads\/2023\/11\/NEW-LOGO-4-PIRATES-e1715868270390.jpg","datePublished":"2023-11-22T12:27:35+00:00","dateModified":"2025-07-26T17:12:00+00:00","description":"Mentions l\u00e9gales - Camping Les Bruy\u00e8res de Carnac 4* dans le Golfe du Morbihan, en Baie de Quiberon, Bretagne Sud, France - Camping Carnac","inLanguage":"it-IT","potentialAction":[{"@type":"ReadAction","target":["https:\/\/lesbruyeresdecarnac.com\/mentions-legales\/"]}]},{"@type":"ImageObject","inLanguage":"it-IT","@id":"https:\/\/lesbruyeresdecarnac.com\/mentions-legales\/#primaryimage","url":"https:\/\/lesbruyeresdecarnac.com\/wp-content\/uploads\/2023\/11\/NEW-LOGO-4-PIRATES-e1715868270390.jpg","contentUrl":"https:\/\/lesbruyeresdecarnac.com\/wp-content\/uploads\/2023\/11\/NEW-LOGO-4-PIRATES-e1715868270390.jpg","width":1024,"height":1024,"caption":"Retrouvez les Pirates \u00e0 Carnac - Camping Les Bruy\u00e8res de Carnac Baie de Quiberon Morbihan Bretagne Sud France"},{"@type":"WebSite","@id":"https:\/\/lesbruyeresdecarnac.com\/#website","url":"https:\/\/lesbruyeresdecarnac.com\/","name":"Le Bruyeres de carnac","description":"Camping \u00e0 Carnac 4 \u00e9toiles","publisher":{"@id":"https:\/\/lesbruyeresdecarnac.com\/#organization"},"potentialAction":[{"@type":"SearchAction","target":{"@type":"EntryPoint","urlTemplate":"https:\/\/lesbruyeresdecarnac.com\/?s={search_term_string}"},"query-input":{"@type":"PropertyValueSpecification","valueRequired":true,"valueName":"search_term_string"}}],"inLanguage":"it-IT"},{"@type":"Organization","@id":"https:\/\/lesbruyeresdecarnac.com\/#organization","name":"Campeggio Les Bruy\u00e8res de Carnac","url":"https:\/\/lesbruyeresdecarnac.com\/","logo":{"@type":"ImageObject","inLanguage":"it-IT","@id":"https:\/\/lesbruyeresdecarnac.com\/#\/schema\/logo\/image\/","url":"https:\/\/lesbruyeresdecarnac.com\/wp-content\/uploads\/2023\/11\/lesbruyeresblanctete.png","contentUrl":"https:\/\/lesbruyeresdecarnac.com\/wp-content\/uploads\/2023\/11\/lesbruyeresblanctete.png","width":12501,"height":5910,"caption":"Camping Les Bruy\u00e8res de Carnac"},"image":{"@id":"https:\/\/lesbruyeresdecarnac.com\/#\/schema\/logo\/image\/"},"sameAs":["https:\/\/www.facebook.com\/Camping.les.Bruyeres.Carnac","https:\/\/www.instagram.com\/campinglesbruyeresdecarnac\/"]}]}},"_links":{"self":[{"href":"https:\/\/lesbruyeresdecarnac.com\/it\/wp-json\/wp\/v2\/pages\/1061","targetHints":{"allow":["GET"]}}],"collection":[{"href":"https:\/\/lesbruyeresdecarnac.com\/it\/wp-json\/wp\/v2\/pages"}],"about":[{"href":"https:\/\/lesbruyeresdecarnac.com\/it\/wp-json\/wp\/v2\/types\/page"}],"author":[{"embeddable":true,"href":"https:\/\/lesbruyeresdecarnac.com\/it\/wp-json\/wp\/v2\/users\/1"}],"replies":[{"embeddable":true,"href":"https:\/\/lesbruyeresdecarnac.com\/it\/wp-json\/wp\/v2\/comments?post=1061"}],"version-history":[{"count":1,"href":"https:\/\/lesbruyeresdecarnac.com\/it\/wp-json\/wp\/v2\/pages\/1061\/revisions"}],"predecessor-version":[{"id":3855,"href":"https:\/\/lesbruyeresdecarnac.com\/it\/wp-json\/wp\/v2\/pages\/1061\/revisions\/3855"}],"wp:featuredmedia":[{"embeddable":true,"href":"https:\/\/lesbruyeresdecarnac.com\/it\/wp-json\/wp\/v2\/media\/7"}],"wp:attachment":[{"href":"https:\/\/lesbruyeresdecarnac.com\/it\/wp-json\/wp\/v2\/media?parent=1061"}],"wp:term":[{"taxonomy":"category","embeddable":true,"href":"https:\/\/lesbruyeresdecarnac.com\/it\/wp-json\/wp\/v2\/categories?post=1061"},{"taxonomy":"post_tag","embeddable":true,"href":"https:\/\/lesbruyeresdecarnac.com\/it\/wp-json\/wp\/v2\/tags?post=1061"}],"curies":[{"name":"wp","href":"https:\/\/api.w.org\/{rel}","templated":true}]}}