{"id":848,"date":"2023-11-21T22:51:20","date_gmt":"2023-11-21T21:51:20","guid":{"rendered":"http:\/\/lesbruyres.local\/?page_id=848"},"modified":"2025-07-26T17:27:35","modified_gmt":"2025-07-26T16:27:35","slug":"gift-boxes","status":"publish","type":"page","link":"https:\/\/lesbruyeresdecarnac.com\/en\/gift-boxes\/","title":{"rendered":"Gift Sets"},"content":{"rendered":"\t\t<div data-elementor-type=\"wp-page\" data-elementor-id=\"848\" class=\"elementor elementor-848\" data-elementor-post-type=\"page\">\n\t\t\t\t<div class=\"elementor-element elementor-element-84e011d e-flex e-con-boxed e-con e-parent\" data-id=\"84e011d\" data-element_type=\"container\" data-e-type=\"container\" data-settings=\"{&quot;background_background&quot;:&quot;classic&quot;,&quot;shape_divider_bottom&quot;:&quot;wave-brush&quot;,&quot;background_motion_fx_motion_fx_scrolling&quot;:&quot;yes&quot;,&quot;background_motion_fx_translateY_effect&quot;:&quot;yes&quot;,&quot;animation&quot;:&quot;none&quot;,&quot;background_motion_fx_translateY_speed&quot;:{&quot;unit&quot;:&quot;px&quot;,&quot;size&quot;:4,&quot;sizes&quot;:[]},&quot;background_motion_fx_translateY_affectedRange&quot;:{&quot;unit&quot;:&quot;%&quot;,&quot;size&quot;:&quot;&quot;,&quot;sizes&quot;:{&quot;start&quot;:0,&quot;end&quot;:100}},&quot;background_motion_fx_devices&quot;:[&quot;desktop&quot;,&quot;tablet&quot;,&quot;mobile&quot;]}\">\n\t\t\t\t\t<div class=\"e-con-inner\">\n\t\t\t\t<div class=\"elementor-shape elementor-shape-bottom\" aria-hidden=\"true\" data-negative=\"false\">\n\t\t\t<svg xmlns=\"http:\/\/www.w3.org\/2000\/svg\" viewBox=\"0 0 283.5 27.8\" preserveAspectRatio=\"none\">\n\t<path class=\"elementor-shape-fill\" d=\"M283.5,9.7c0,0-7.3,4.3-14,4.6c-6.8,0.3-12.6,0-20.9-1.5c-11.3-2-33.1-10.1-44.7-5.7\ts-12.1,4.6-18,7.4c-6.6,3.2-20,9.6-36.6,9.3C131.6,23.5,99.5,7.2,86.3,8c-1.4,0.1-6.6,0.8-10.5,2c-3.8,1.2-9.4,3.8-17,4.7\tc-3.2,0.4-8.3,1.1-14.2,0.9c-1.5-0.1-6.3-0.4-12-1.6c-5.7-1.2-11-3.1-15.8-3.7C6.5,9.2,0,10.8,0,10.8V0h283.5V9.7z M260.8,11.3\tc-0.7-1-2-0.4-4.3-0.4c-2.3,0-6.1-1.2-5.8-1.1c0.3,0.1,3.1,1.5,6,1.9C259.7,12.2,261.4,12.3,260.8,11.3z M242.4,8.6\tc0,0-2.4-0.2-5.6-0.9c-3.2-0.8-10.3-2.8-15.1-3.5c-8.2-1.1-15.8,0-15.1,0.1c0.8,0.1,9.6-0.6,17.6,1.1c3.3,0.7,9.3,2.2,12.4,2.7\tC239.9,8.7,242.4,8.6,242.4,8.6z M185.2,8.5c1.7-0.7-13.3,4.7-18.5,6.1c-2.1,0.6-6.2,1.6-10,2c-3.9,0.4-8.9,0.4-8.8,0.5\tc0,0.2,5.8,0.8,11.2,0c5.4-0.8,5.2-1.1,7.6-1.6C170.5,14.7,183.5,9.2,185.2,8.5z M199.1,6.9c0.2,0-0.8-0.4-4.8,1.1\tc-4,1.5-6.7,3.5-6.9,3.7c-0.2,0.1,3.5-1.8,6.6-3C197,7.5,199,6.9,199.1,6.9z M283,6c-0.1,0.1-1.9,1.1-4.8,2.5s-6.9,2.8-6.7,2.7\tc0.2,0,3.5-0.6,7.4-2.5C282.8,6.8,283.1,5.9,283,6z M31.3,11.6c0.1-0.2-1.9-0.2-4.5-1.2s-5.4-1.6-7.8-2C15,7.6,7.3,8.5,7.7,8.6\tC8,8.7,15.9,8.3,20.2,9.3c2.2,0.5,2.4,0.5,5.7,1.6S31.2,11.9,31.3,11.6z M73,9.2c0.4-0.1,3.5-1.6,8.4-2.6c4.9-1.1,8.9-0.5,8.9-0.8\tc0-0.3-1-0.9-6.2-0.3S72.6,9.3,73,9.2z M71.6,6.7C71.8,6.8,75,5.4,77.3,5c2.3-0.3,1.9-0.5,1.9-0.6c0-0.1-1.1-0.2-2.7,0.2\tC74.8,5.1,71.4,6.6,71.6,6.7z M93.6,4.4c0.1,0.2,3.5,0.8,5.6,1.8c2.1,1,1.8,0.6,1.9,0.5c0.1-0.1-0.8-0.8-2.4-1.3\tC97.1,4.8,93.5,4.2,93.6,4.4z M65.4,11.1c-0.1,0.3,0.3,0.5,1.9-0.2s2.6-1.3,2.2-1.2s-0.9,0.4-2.5,0.8C65.3,10.9,65.5,10.8,65.4,11.1\tz M34.5,12.4c-0.2,0,2.1,0.8,3.3,0.9c1.2,0.1,2,0.1,2-0.2c0-0.3-0.1-0.5-1.6-0.4C36.6,12.8,34.7,12.4,34.5,12.4z M152.2,21.1\tc-0.1,0.1-2.4-0.3-7.5-0.3c-5,0-13.6-2.4-17.2-3.5c-3.6-1.1,10,3.9,16.5,4.1C150.5,21.6,152.3,21,152.2,21.1z\"\/>\n\t<path class=\"elementor-shape-fill\" d=\"M269.6,18c-0.1-0.1-4.6,0.3-7.2,0c-7.3-0.7-17-3.2-16.6-2.9c0.4,0.3,13.7,3.1,17,3.3\tC267.7,18.8,269.7,18,269.6,18z\"\/>\n\t<path class=\"elementor-shape-fill\" d=\"M227.4,9.8c-0.2-0.1-4.5-1-9.5-1.2c-5-0.2-12.7,0.6-12.3,0.5c0.3-0.1,5.9-1.8,13.3-1.2\tS227.6,9.9,227.4,9.8z\"\/>\n\t<path class=\"elementor-shape-fill\" d=\"M204.5,13.4c-0.1-0.1,2-1,3.2-1.1c1.2-0.1,2,0,2,0.3c0,0.3-0.1,0.5-1.6,0.4\tC206.4,12.9,204.6,13.5,204.5,13.4z\"\/>\n\t<path class=\"elementor-shape-fill\" d=\"M201,10.6c0-0.1-4.4,1.2-6.3,2.2c-1.9,0.9-6.2,3.1-6.1,3.1c0.1,0.1,4.2-1.6,6.3-2.6\tS201,10.7,201,10.6z\"\/>\n\t<path class=\"elementor-shape-fill\" d=\"M154.5,26.7c-0.1-0.1-4.6,0.3-7.2,0c-7.3-0.7-17-3.2-16.6-2.9c0.4,0.3,13.7,3.1,17,3.3\tC152.6,27.5,154.6,26.8,154.5,26.7z\"\/>\n\t<path class=\"elementor-shape-fill\" d=\"M41.9,19.3c0,0,1.2-0.3,2.9-0.1c1.7,0.2,5.8,0.9,8.2,0.7c4.2-0.4,7.4-2.7,7-2.6\tc-0.4,0-4.3,2.2-8.6,1.9c-1.8-0.1-5.1-0.5-6.7-0.4S41.9,19.3,41.9,19.3z\"\/>\n\t<path class=\"elementor-shape-fill\" d=\"M75.5,12.6c0.2,0.1,2-0.8,4.3-1.1c2.3-0.2,2.1-0.3,2.1-0.5c0-0.1-1.8-0.4-3.4,0\tC76.9,11.5,75.3,12.5,75.5,12.6z\"\/>\n\t<path class=\"elementor-shape-fill\" d=\"M15.6,13.2c0-0.1,4.3,0,6.7,0.5c2.4,0.5,5,1.9,5,2c0,0.1-2.7-0.8-5.1-1.4\tC19.9,13.7,15.7,13.3,15.6,13.2z\"\/>\n<\/svg>\t\t<\/div>\n\t\t\t\t<div class=\"elementor-element elementor-element-f6326b5 elementor-widget elementor-widget-heading\" data-id=\"f6326b5\" data-element_type=\"widget\" data-e-type=\"widget\" data-widget_type=\"heading.default\">\n\t\t\t\t<div class=\"elementor-widget-container\">\n\t\t\t\t\t<h1 class=\"elementor-heading-title elementor-size-default\">Des coffrets cadeaux pour un s\u00e9jour exceptionnel dans le Morbihan<\/h1>\t\t\t\t<\/div>\n\t\t\t\t<\/div>\n\t\t\t\t<div class=\"elementor-element elementor-element-9ad9a7b elementor-widget elementor-widget-text-editor\" data-id=\"9ad9a7b\" data-element_type=\"widget\" data-e-type=\"widget\" data-widget_type=\"text-editor.default\">\n\t\t\t\t<div class=\"elementor-widget-container\">\n\t\t\t\t\t\t\t\t\tau Camping Les Bruy\u00e8res de Carnac\t\t\t\t\t\t\t\t<\/div>\n\t\t\t\t<\/div>\n\t\t\t\t\t<\/div>\n\t\t\t\t<\/div>\n\t\t<div class=\"elementor-element elementor-element-2dcc5d2 e-con-full e-flex e-con e-parent\" data-id=\"2dcc5d2\" data-element_type=\"container\" data-e-type=\"container\" data-settings=\"{&quot;background_background&quot;:&quot;classic&quot;,&quot;shape_divider_bottom&quot;:&quot;wave-brush&quot;}\">\n\t\t\t\t<div class=\"elementor-shape elementor-shape-bottom\" aria-hidden=\"true\" data-negative=\"false\">\n\t\t\t<svg xmlns=\"http:\/\/www.w3.org\/2000\/svg\" viewBox=\"0 0 283.5 27.8\" preserveAspectRatio=\"none\">\n\t<path class=\"elementor-shape-fill\" d=\"M283.5,9.7c0,0-7.3,4.3-14,4.6c-6.8,0.3-12.6,0-20.9-1.5c-11.3-2-33.1-10.1-44.7-5.7\ts-12.1,4.6-18,7.4c-6.6,3.2-20,9.6-36.6,9.3C131.6,23.5,99.5,7.2,86.3,8c-1.4,0.1-6.6,0.8-10.5,2c-3.8,1.2-9.4,3.8-17,4.7\tc-3.2,0.4-8.3,1.1-14.2,0.9c-1.5-0.1-6.3-0.4-12-1.6c-5.7-1.2-11-3.1-15.8-3.7C6.5,9.2,0,10.8,0,10.8V0h283.5V9.7z M260.8,11.3\tc-0.7-1-2-0.4-4.3-0.4c-2.3,0-6.1-1.2-5.8-1.1c0.3,0.1,3.1,1.5,6,1.9C259.7,12.2,261.4,12.3,260.8,11.3z M242.4,8.6\tc0,0-2.4-0.2-5.6-0.9c-3.2-0.8-10.3-2.8-15.1-3.5c-8.2-1.1-15.8,0-15.1,0.1c0.8,0.1,9.6-0.6,17.6,1.1c3.3,0.7,9.3,2.2,12.4,2.7\tC239.9,8.7,242.4,8.6,242.4,8.6z M185.2,8.5c1.7-0.7-13.3,4.7-18.5,6.1c-2.1,0.6-6.2,1.6-10,2c-3.9,0.4-8.9,0.4-8.8,0.5\tc0,0.2,5.8,0.8,11.2,0c5.4-0.8,5.2-1.1,7.6-1.6C170.5,14.7,183.5,9.2,185.2,8.5z M199.1,6.9c0.2,0-0.8-0.4-4.8,1.1\tc-4,1.5-6.7,3.5-6.9,3.7c-0.2,0.1,3.5-1.8,6.6-3C197,7.5,199,6.9,199.1,6.9z M283,6c-0.1,0.1-1.9,1.1-4.8,2.5s-6.9,2.8-6.7,2.7\tc0.2,0,3.5-0.6,7.4-2.5C282.8,6.8,283.1,5.9,283,6z M31.3,11.6c0.1-0.2-1.9-0.2-4.5-1.2s-5.4-1.6-7.8-2C15,7.6,7.3,8.5,7.7,8.6\tC8,8.7,15.9,8.3,20.2,9.3c2.2,0.5,2.4,0.5,5.7,1.6S31.2,11.9,31.3,11.6z M73,9.2c0.4-0.1,3.5-1.6,8.4-2.6c4.9-1.1,8.9-0.5,8.9-0.8\tc0-0.3-1-0.9-6.2-0.3S72.6,9.3,73,9.2z M71.6,6.7C71.8,6.8,75,5.4,77.3,5c2.3-0.3,1.9-0.5,1.9-0.6c0-0.1-1.1-0.2-2.7,0.2\tC74.8,5.1,71.4,6.6,71.6,6.7z M93.6,4.4c0.1,0.2,3.5,0.8,5.6,1.8c2.1,1,1.8,0.6,1.9,0.5c0.1-0.1-0.8-0.8-2.4-1.3\tC97.1,4.8,93.5,4.2,93.6,4.4z M65.4,11.1c-0.1,0.3,0.3,0.5,1.9-0.2s2.6-1.3,2.2-1.2s-0.9,0.4-2.5,0.8C65.3,10.9,65.5,10.8,65.4,11.1\tz M34.5,12.4c-0.2,0,2.1,0.8,3.3,0.9c1.2,0.1,2,0.1,2-0.2c0-0.3-0.1-0.5-1.6-0.4C36.6,12.8,34.7,12.4,34.5,12.4z M152.2,21.1\tc-0.1,0.1-2.4-0.3-7.5-0.3c-5,0-13.6-2.4-17.2-3.5c-3.6-1.1,10,3.9,16.5,4.1C150.5,21.6,152.3,21,152.2,21.1z\"\/>\n\t<path class=\"elementor-shape-fill\" d=\"M269.6,18c-0.1-0.1-4.6,0.3-7.2,0c-7.3-0.7-17-3.2-16.6-2.9c0.4,0.3,13.7,3.1,17,3.3\tC267.7,18.8,269.7,18,269.6,18z\"\/>\n\t<path class=\"elementor-shape-fill\" d=\"M227.4,9.8c-0.2-0.1-4.5-1-9.5-1.2c-5-0.2-12.7,0.6-12.3,0.5c0.3-0.1,5.9-1.8,13.3-1.2\tS227.6,9.9,227.4,9.8z\"\/>\n\t<path class=\"elementor-shape-fill\" d=\"M204.5,13.4c-0.1-0.1,2-1,3.2-1.1c1.2-0.1,2,0,2,0.3c0,0.3-0.1,0.5-1.6,0.4\tC206.4,12.9,204.6,13.5,204.5,13.4z\"\/>\n\t<path class=\"elementor-shape-fill\" d=\"M201,10.6c0-0.1-4.4,1.2-6.3,2.2c-1.9,0.9-6.2,3.1-6.1,3.1c0.1,0.1,4.2-1.6,6.3-2.6\tS201,10.7,201,10.6z\"\/>\n\t<path class=\"elementor-shape-fill\" d=\"M154.5,26.7c-0.1-0.1-4.6,0.3-7.2,0c-7.3-0.7-17-3.2-16.6-2.9c0.4,0.3,13.7,3.1,17,3.3\tC152.6,27.5,154.6,26.8,154.5,26.7z\"\/>\n\t<path class=\"elementor-shape-fill\" d=\"M41.9,19.3c0,0,1.2-0.3,2.9-0.1c1.7,0.2,5.8,0.9,8.2,0.7c4.2-0.4,7.4-2.7,7-2.6\tc-0.4,0-4.3,2.2-8.6,1.9c-1.8-0.1-5.1-0.5-6.7-0.4S41.9,19.3,41.9,19.3z\"\/>\n\t<path class=\"elementor-shape-fill\" d=\"M75.5,12.6c0.2,0.1,2-0.8,4.3-1.1c2.3-0.2,2.1-0.3,2.1-0.5c0-0.1-1.8-0.4-3.4,0\tC76.9,11.5,75.3,12.5,75.5,12.6z\"\/>\n\t<path class=\"elementor-shape-fill\" d=\"M15.6,13.2c0-0.1,4.3,0,6.7,0.5c2.4,0.5,5,1.9,5,2c0,0.1-2.7-0.8-5.1-1.4\tC19.9,13.7,15.7,13.3,15.6,13.2z\"\/>\n<\/svg>\t\t<\/div>\n\t\t<div class=\"elementor-element elementor-element-8aef570 e-con-full e-flex e-con e-child\" data-id=\"8aef570\" data-element_type=\"container\" data-e-type=\"container\">\n\t\t\t\t<div class=\"elementor-element elementor-element-6a05019 elementor-widget elementor-widget-text-editor\" data-id=\"6a05019\" data-element_type=\"widget\" data-e-type=\"widget\" data-widget_type=\"text-editor.default\">\n\t\t\t\t<div class=\"elementor-widget-container\">\n\t\t\t\t\t\t\t\t\t<p>Offrez un s\u00e9jour exceptionnel au c\u0153ur de la Bretagne et des menhirs de Carnac pour une personne qui compte !<\/p><p>T\u00e9l\u00e9chargez le bon ci-dessous pour offrir \u00e0 la personne qui le m\u00e9rite :<\/p>\t\t\t\t\t\t\t\t<\/div>\n\t\t\t\t<\/div>\n\t\t\t\t<\/div>\n\t\t\t\t<\/div>\n\t\t<div class=\"elementor-element elementor-element-d118638 e-con-full e-flex e-con e-parent\" data-id=\"d118638\" data-element_type=\"container\" data-e-type=\"container\" data-settings=\"{&quot;background_background&quot;:&quot;classic&quot;}\">\n\t\t<div class=\"elementor-element elementor-element-9d77488 e-con-full e-flex e-con e-child\" data-id=\"9d77488\" data-element_type=\"container\" data-e-type=\"container\">\n\t\t\t\t<div class=\"elementor-element elementor-element-a7ef73d elementor-widget elementor-widget-heading\" data-id=\"a7ef73d\" data-element_type=\"widget\" data-e-type=\"widget\" data-widget_type=\"heading.default\">\n\t\t\t\t<div class=\"elementor-widget-container\">\n\t\t\t\t\t<h2 class=\"elementor-heading-title elementor-size-default\">Coffret cadeau<\/h2>\t\t\t\t<\/div>\n\t\t\t\t<\/div>\n\t\t\t\t<div class=\"elementor-element elementor-element-7cc96e8 elementor-widget elementor-widget-text-editor\" data-id=\"7cc96e8\" data-element_type=\"widget\" data-e-type=\"widget\" data-widget_type=\"text-editor.default\">\n\t\t\t\t<div class=\"elementor-widget-container\">\n\t\t\t\t\t\t\t\t\tOffre valable dans notre s\u00e9lection de <strong>location mobil home \u00e0 Carnac<\/strong> au camping Les Bruy\u00e8res de Carnac.\n\nN&rsquo;oubliez pas de r\u00e9server pour valider votre coffret cadeau, ou nous contacter pour plus d&rsquo;informations.\t\t\t\t\t\t\t\t<\/div>\n\t\t\t\t<\/div>\n\t\t\t\t<div class=\"elementor-element elementor-element-73e5f2c elementor-align-center elementor-widget elementor-widget-button\" data-id=\"73e5f2c\" data-element_type=\"widget\" data-e-type=\"widget\" data-widget_type=\"button.default\">\n\t\t\t\t<div class=\"elementor-widget-container\">\n\t\t\t\t\t\t\t\t\t<div class=\"elementor-button-wrapper\">\n\t\t\t\t\t<a class=\"elementor-button elementor-button-link elementor-size-lg elementor-animation-grow\" href=\"https:\/\/lesbruyeresdecarnac.com\/contact\/\">\n\t\t\t\t\t\t<span class=\"elementor-button-content-wrapper\">\n\t\t\t\t\t\t<span class=\"elementor-button-icon\">\n\t\t\t\t<svg aria-hidden=\"true\" class=\"e-font-icon-svg e-far-comment\" viewBox=\"0 0 512 512\" xmlns=\"http:\/\/www.w3.org\/2000\/svg\"><path d=\"M256 32C114.6 32 0 125.1 0 240c0 47.6 19.9 91.2 52.9 126.3C38 405.7 7 439.1 6.5 439.5c-6.6 7-8.4 17.2-4.6 26S14.4 480 24 480c61.5 0 110-25.7 139.1-46.3C192 442.8 223.2 448 256 448c141.4 0 256-93.1 256-208S397.4 32 256 32zm0 368c-26.7 0-53.1-4.1-78.4-12.1l-22.7-7.2-19.5 13.8c-14.3 10.1-33.9 21.4-57.5 29 7.3-12.1 14.4-25.7 19.9-40.2l10.6-28.1-20.6-21.8C69.7 314.1 48 282.2 48 240c0-88.2 93.3-160 208-160s208 71.8 208 160-93.3 160-208 160z\"><\/path><\/svg>\t\t\t<\/span>\n\t\t\t\t\t\t\t\t\t<span class=\"elementor-button-text\">Nous contacter<\/span>\n\t\t\t\t\t<\/span>\n\t\t\t\t\t<\/a>\n\t\t\t\t<\/div>\n\t\t\t\t\t\t\t\t<\/div>\n\t\t\t\t<\/div>\n\t\t\t\t<\/div>\n\t\t<div class=\"elementor-element elementor-element-c530665 e-con-full e-flex e-con e-child\" data-id=\"c530665\" data-element_type=\"container\" data-e-type=\"container\" data-settings=\"{&quot;background_background&quot;:&quot;classic&quot;,&quot;background_motion_fx_motion_fx_scrolling&quot;:&quot;yes&quot;,&quot;background_motion_fx_devices&quot;:[&quot;desktop&quot;,&quot;tablet&quot;,&quot;mobile&quot;]}\">\n\t\t\t\t<\/div>\n\t\t\t\t<\/div>\n\t\t\t\t<\/div>\n\t\t","protected":false},"excerpt":{"rendered":"<p>Order your gift boxes - Meet the Pirates in Carnac - Camping Les Bruy\u00e8res de Carnac Baie de Quiberon Morbihan Bretagne Sud France<\/p>","protected":false},"author":1,"featured_media":7,"parent":0,"menu_order":0,"comment_status":"closed","ping_status":"open","template":"","meta":{"_acf_changed":false,"inline_featured_image":false,"footnotes":""},"categories":[],"tags":[],"class_list":["post-848","page","type-page","status-publish","has-post-thumbnail","hentry"],"acf":[],"yoast_head":"<!-- This site is optimized with the Yoast SEO plugin v27.4 - https:\/\/yoast.com\/product\/yoast-seo-wordpress\/ -->\n<title>Les Pirates de Carnac vous proposent des coffrets cadeaux 4*<\/title>\n<meta name=\"description\" content=\"Commandez vos coffrets cadeaux personnalis\u00e9s pour toutes les occasions, Saint Valentin, F\u00eate des M\u00e8res, F\u00eates des P\u00e8res, anniversaire, No\u00ebl..\" \/>\n<meta name=\"robots\" content=\"index, follow, max-snippet:-1, max-image-preview:large, max-video-preview:-1\" \/>\n<link rel=\"canonical\" href=\"https:\/\/lesbruyeresdecarnac.com\/en\/gift-boxes\/\" \/>\n<meta property=\"og:locale\" content=\"en_GB\" \/>\n<meta property=\"og:type\" content=\"article\" \/>\n<meta property=\"og:title\" content=\"Les Pirates de Carnac vous proposent des coffrets cadeaux 4*\" \/>\n<meta property=\"og:description\" content=\"Commandez vos coffrets cadeaux personnalis\u00e9s pour toutes les occasions, Saint Valentin, F\u00eate des M\u00e8res, F\u00eates des P\u00e8res, anniversaire, No\u00ebl..\" \/>\n<meta property=\"og:url\" content=\"https:\/\/lesbruyeresdecarnac.com\/en\/gift-boxes\/\" \/>\n<meta property=\"og:site_name\" content=\"Les Bruyeres de carnac\" \/>\n<meta property=\"article:publisher\" content=\"https:\/\/www.facebook.com\/Camping.les.Bruyeres.Carnac\" \/>\n<meta property=\"article:modified_time\" content=\"2025-07-26T16:27:35+00:00\" \/>\n<meta property=\"og:image\" content=\"https:\/\/lesbruyeresdecarnac.com\/wp-content\/uploads\/2023\/11\/NEW-LOGO-4-PIRATES-e1715868270390.jpg\" \/>\n\t<meta property=\"og:image:width\" content=\"1024\" \/>\n\t<meta property=\"og:image:height\" content=\"1024\" \/>\n\t<meta property=\"og:image:type\" content=\"image\/jpeg\" \/>\n<meta name=\"twitter:card\" content=\"summary_large_image\" \/>\n<meta name=\"twitter:label1\" content=\"Estimated reading time\" \/>\n\t<meta name=\"twitter:data1\" content=\"1 minute\" \/>\n<script type=\"application\/ld+json\" class=\"yoast-schema-graph\">{\"@context\":\"https:\\\/\\\/schema.org\",\"@graph\":[{\"@type\":\"WebPage\",\"@id\":\"https:\\\/\\\/lesbruyeresdecarnac.com\\\/coffrets-cadeaux\\\/\",\"url\":\"https:\\\/\\\/lesbruyeresdecarnac.com\\\/coffrets-cadeaux\\\/\",\"name\":\"Les Pirates de Carnac vous proposent des coffrets cadeaux 4*\",\"isPartOf\":{\"@id\":\"https:\\\/\\\/lesbruyeresdecarnac.com\\\/#website\"},\"primaryImageOfPage\":{\"@id\":\"https:\\\/\\\/lesbruyeresdecarnac.com\\\/coffrets-cadeaux\\\/#primaryimage\"},\"image\":{\"@id\":\"https:\\\/\\\/lesbruyeresdecarnac.com\\\/coffrets-cadeaux\\\/#primaryimage\"},\"thumbnailUrl\":\"https:\\\/\\\/lesbruyeresdecarnac.com\\\/wp-content\\\/uploads\\\/2023\\\/11\\\/NEW-LOGO-4-PIRATES-e1715868270390.jpg\",\"datePublished\":\"2023-11-21T21:51:20+00:00\",\"dateModified\":\"2025-07-26T16:27:35+00:00\",\"description\":\"Commandez vos coffrets cadeaux personnalis\u00e9s pour toutes les occasions, Saint Valentin, F\u00eate des M\u00e8res, F\u00eates des P\u00e8res, anniversaire, No\u00ebl..\",\"inLanguage\":\"en-GB\",\"potentialAction\":[{\"@type\":\"ReadAction\",\"target\":[\"https:\\\/\\\/lesbruyeresdecarnac.com\\\/coffrets-cadeaux\\\/\"]}]},{\"@type\":\"ImageObject\",\"inLanguage\":\"en-GB\",\"@id\":\"https:\\\/\\\/lesbruyeresdecarnac.com\\\/coffrets-cadeaux\\\/#primaryimage\",\"url\":\"https:\\\/\\\/lesbruyeresdecarnac.com\\\/wp-content\\\/uploads\\\/2023\\\/11\\\/NEW-LOGO-4-PIRATES-e1715868270390.jpg\",\"contentUrl\":\"https:\\\/\\\/lesbruyeresdecarnac.com\\\/wp-content\\\/uploads\\\/2023\\\/11\\\/NEW-LOGO-4-PIRATES-e1715868270390.jpg\",\"width\":1024,\"height\":1024,\"caption\":\"Retrouvez les Pirates \u00e0 Carnac - Camping Les Bruy\u00e8res de Carnac Baie de Quiberon Morbihan Bretagne Sud France\"},{\"@type\":\"WebSite\",\"@id\":\"https:\\\/\\\/lesbruyeresdecarnac.com\\\/#website\",\"url\":\"https:\\\/\\\/lesbruyeresdecarnac.com\\\/\",\"name\":\"Les Bruyeres de carnac\",\"description\":\"Camping \u00e0 Carnac 4 \u00e9toiles\",\"publisher\":{\"@id\":\"https:\\\/\\\/lesbruyeresdecarnac.com\\\/#organization\"},\"potentialAction\":[{\"@type\":\"SearchAction\",\"target\":{\"@type\":\"EntryPoint\",\"urlTemplate\":\"https:\\\/\\\/lesbruyeresdecarnac.com\\\/?s={search_term_string}\"},\"query-input\":{\"@type\":\"PropertyValueSpecification\",\"valueRequired\":true,\"valueName\":\"search_term_string\"}}],\"inLanguage\":\"en-GB\"},{\"@type\":\"Organization\",\"@id\":\"https:\\\/\\\/lesbruyeresdecarnac.com\\\/#organization\",\"name\":\"Camping Les Bruy\u00e8res de Carnac\",\"url\":\"https:\\\/\\\/lesbruyeresdecarnac.com\\\/\",\"logo\":{\"@type\":\"ImageObject\",\"inLanguage\":\"en-GB\",\"@id\":\"https:\\\/\\\/lesbruyeresdecarnac.com\\\/#\\\/schema\\\/logo\\\/image\\\/\",\"url\":\"https:\\\/\\\/lesbruyeresdecarnac.com\\\/wp-content\\\/uploads\\\/2023\\\/11\\\/lesbruyeresblanctete.png\",\"contentUrl\":\"https:\\\/\\\/lesbruyeresdecarnac.com\\\/wp-content\\\/uploads\\\/2023\\\/11\\\/lesbruyeresblanctete.png\",\"width\":12501,\"height\":5910,\"caption\":\"Camping Les Bruy\u00e8res de Carnac\"},\"image\":{\"@id\":\"https:\\\/\\\/lesbruyeresdecarnac.com\\\/#\\\/schema\\\/logo\\\/image\\\/\"},\"sameAs\":[\"https:\\\/\\\/www.facebook.com\\\/Camping.les.Bruyeres.Carnac\",\"https:\\\/\\\/www.instagram.com\\\/campinglesbruyeresdecarnac\\\/\"]}]}<\/script>\n<!-- \/ Yoast SEO plugin. -->","yoast_head_json":{"title":"Les Pirates de Carnac vous proposent des coffrets cadeaux 4*","description":"Order your personalised gift boxes for all occasions, Valentine's Day, Mother's Day, Father's Day, birthdays, Christmas...","robots":{"index":"index","follow":"follow","max-snippet":"max-snippet:-1","max-image-preview":"max-image-preview:large","max-video-preview":"max-video-preview:-1"},"canonical":"https:\/\/lesbruyeresdecarnac.com\/en\/gift-boxes\/","og_locale":"en_GB","og_type":"article","og_title":"Les Pirates de Carnac vous proposent des coffrets cadeaux 4*","og_description":"Commandez vos coffrets cadeaux personnalis\u00e9s pour toutes les occasions, Saint Valentin, F\u00eate des M\u00e8res, F\u00eates des P\u00e8res, anniversaire, No\u00ebl..","og_url":"https:\/\/lesbruyeresdecarnac.com\/en\/gift-boxes\/","og_site_name":"Les Bruyeres de carnac","article_publisher":"https:\/\/www.facebook.com\/Camping.les.Bruyeres.Carnac","article_modified_time":"2025-07-26T16:27:35+00:00","og_image":[{"width":1024,"height":1024,"url":"https:\/\/lesbruyeresdecarnac.com\/wp-content\/uploads\/2023\/11\/NEW-LOGO-4-PIRATES-e1715868270390.jpg","type":"image\/jpeg"}],"twitter_card":"summary_large_image","twitter_misc":{"Estimated reading time":"1 minute"},"schema":{"@context":"https:\/\/schema.org","@graph":[{"@type":"WebPage","@id":"https:\/\/lesbruyeresdecarnac.com\/coffrets-cadeaux\/","url":"https:\/\/lesbruyeresdecarnac.com\/coffrets-cadeaux\/","name":"Les Pirates de Carnac vous proposent des coffrets cadeaux 4*","isPartOf":{"@id":"https:\/\/lesbruyeresdecarnac.com\/#website"},"primaryImageOfPage":{"@id":"https:\/\/lesbruyeresdecarnac.com\/coffrets-cadeaux\/#primaryimage"},"image":{"@id":"https:\/\/lesbruyeresdecarnac.com\/coffrets-cadeaux\/#primaryimage"},"thumbnailUrl":"https:\/\/lesbruyeresdecarnac.com\/wp-content\/uploads\/2023\/11\/NEW-LOGO-4-PIRATES-e1715868270390.jpg","datePublished":"2023-11-21T21:51:20+00:00","dateModified":"2025-07-26T16:27:35+00:00","description":"Order your personalised gift boxes for all occasions, Valentine's Day, Mother's Day, Father's Day, birthdays, Christmas...","inLanguage":"en-GB","potentialAction":[{"@type":"ReadAction","target":["https:\/\/lesbruyeresdecarnac.com\/coffrets-cadeaux\/"]}]},{"@type":"ImageObject","inLanguage":"en-GB","@id":"https:\/\/lesbruyeresdecarnac.com\/coffrets-cadeaux\/#primaryimage","url":"https:\/\/lesbruyeresdecarnac.com\/wp-content\/uploads\/2023\/11\/NEW-LOGO-4-PIRATES-e1715868270390.jpg","contentUrl":"https:\/\/lesbruyeresdecarnac.com\/wp-content\/uploads\/2023\/11\/NEW-LOGO-4-PIRATES-e1715868270390.jpg","width":1024,"height":1024,"caption":"Retrouvez les Pirates \u00e0 Carnac - Camping Les Bruy\u00e8res de Carnac Baie de Quiberon Morbihan Bretagne Sud France"},{"@type":"WebSite","@id":"https:\/\/lesbruyeresdecarnac.com\/#website","url":"https:\/\/lesbruyeresdecarnac.com\/","name":"Les Bruyeres de carnac","description":"Camping \u00e0 Carnac 4 \u00e9toiles","publisher":{"@id":"https:\/\/lesbruyeresdecarnac.com\/#organization"},"potentialAction":[{"@type":"SearchAction","target":{"@type":"EntryPoint","urlTemplate":"https:\/\/lesbruyeresdecarnac.com\/?s={search_term_string}"},"query-input":{"@type":"PropertyValueSpecification","valueRequired":true,"valueName":"search_term_string"}}],"inLanguage":"en-GB"},{"@type":"Organization","@id":"https:\/\/lesbruyeresdecarnac.com\/#organization","name":"Campsite Les Bruy\u00e8res de Carnac","url":"https:\/\/lesbruyeresdecarnac.com\/","logo":{"@type":"ImageObject","inLanguage":"en-GB","@id":"https:\/\/lesbruyeresdecarnac.com\/#\/schema\/logo\/image\/","url":"https:\/\/lesbruyeresdecarnac.com\/wp-content\/uploads\/2023\/11\/lesbruyeresblanctete.png","contentUrl":"https:\/\/lesbruyeresdecarnac.com\/wp-content\/uploads\/2023\/11\/lesbruyeresblanctete.png","width":12501,"height":5910,"caption":"Camping Les Bruy\u00e8res de Carnac"},"image":{"@id":"https:\/\/lesbruyeresdecarnac.com\/#\/schema\/logo\/image\/"},"sameAs":["https:\/\/www.facebook.com\/Camping.les.Bruyeres.Carnac","https:\/\/www.instagram.com\/campinglesbruyeresdecarnac\/"]}]}},"_links":{"self":[{"href":"https:\/\/lesbruyeresdecarnac.com\/en\/wp-json\/wp\/v2\/pages\/848","targetHints":{"allow":["GET"]}}],"collection":[{"href":"https:\/\/lesbruyeresdecarnac.com\/en\/wp-json\/wp\/v2\/pages"}],"about":[{"href":"https:\/\/lesbruyeresdecarnac.com\/en\/wp-json\/wp\/v2\/types\/page"}],"author":[{"embeddable":true,"href":"https:\/\/lesbruyeresdecarnac.com\/en\/wp-json\/wp\/v2\/users\/1"}],"replies":[{"embeddable":true,"href":"https:\/\/lesbruyeresdecarnac.com\/en\/wp-json\/wp\/v2\/comments?post=848"}],"version-history":[{"count":1,"href":"https:\/\/lesbruyeresdecarnac.com\/en\/wp-json\/wp\/v2\/pages\/848\/revisions"}],"predecessor-version":[{"id":3851,"href":"https:\/\/lesbruyeresdecarnac.com\/en\/wp-json\/wp\/v2\/pages\/848\/revisions\/3851"}],"wp:featuredmedia":[{"embeddable":true,"href":"https:\/\/lesbruyeresdecarnac.com\/en\/wp-json\/wp\/v2\/media\/7"}],"wp:attachment":[{"href":"https:\/\/lesbruyeresdecarnac.com\/en\/wp-json\/wp\/v2\/media?parent=848"}],"wp:term":[{"taxonomy":"category","embeddable":true,"href":"https:\/\/lesbruyeresdecarnac.com\/en\/wp-json\/wp\/v2\/categories?post=848"},{"taxonomy":"post_tag","embeddable":true,"href":"https:\/\/lesbruyeresdecarnac.com\/en\/wp-json\/wp\/v2\/tags?post=848"}],"curies":[{"name":"wp","href":"https:\/\/api.w.org\/{rel}","templated":true}]}}