{"id":3536,"date":"2025-07-05T16:25:12","date_gmt":"2025-07-05T15:25:12","guid":{"rendered":"https:\/\/lesbruyeresdecarnac.com\/?page_id=3536"},"modified":"2025-07-26T17:43:32","modified_gmt":"2025-07-26T16:43:32","slug":"inventory-les-bruyeres","status":"publish","type":"page","link":"https:\/\/lesbruyeresdecarnac.com\/en\/inventory-les-bruyeres\/","title":{"rendered":"Inventory - Les Bruy\u00e8res"},"content":{"rendered":"\t\t<div data-elementor-type=\"wp-page\" data-elementor-id=\"3536\" class=\"elementor elementor-3536\" data-elementor-post-type=\"page\">\n\t\t\t\t<div class=\"elementor-element elementor-element-6c712e1b e-flex e-con-boxed e-con e-parent\" data-id=\"6c712e1b\" data-element_type=\"container\" data-e-type=\"container\" data-settings=\"{&quot;background_background&quot;:&quot;classic&quot;,&quot;shape_divider_bottom&quot;:&quot;wave-brush&quot;,&quot;background_motion_fx_motion_fx_scrolling&quot;:&quot;yes&quot;,&quot;background_motion_fx_scale_effect&quot;:&quot;yes&quot;,&quot;background_motion_fx_scale_direction&quot;:&quot;out-in&quot;,&quot;background_motion_fx_scale_speed&quot;:{&quot;unit&quot;:&quot;px&quot;,&quot;size&quot;:4,&quot;sizes&quot;:[]},&quot;background_motion_fx_scale_range&quot;:{&quot;unit&quot;:&quot;%&quot;,&quot;size&quot;:&quot;&quot;,&quot;sizes&quot;:{&quot;start&quot;:20,&quot;end&quot;:80}},&quot;background_motion_fx_devices&quot;:[&quot;desktop&quot;,&quot;tablet&quot;,&quot;mobile&quot;]}\">\n\t\t\t\t\t<div class=\"e-con-inner\">\n\t\t\t\t<div class=\"elementor-shape elementor-shape-bottom\" aria-hidden=\"true\" data-negative=\"false\">\n\t\t\t<svg xmlns=\"http:\/\/www.w3.org\/2000\/svg\" viewBox=\"0 0 283.5 27.8\" preserveAspectRatio=\"none\">\n\t<path class=\"elementor-shape-fill\" d=\"M283.5,9.7c0,0-7.3,4.3-14,4.6c-6.8,0.3-12.6,0-20.9-1.5c-11.3-2-33.1-10.1-44.7-5.7\ts-12.1,4.6-18,7.4c-6.6,3.2-20,9.6-36.6,9.3C131.6,23.5,99.5,7.2,86.3,8c-1.4,0.1-6.6,0.8-10.5,2c-3.8,1.2-9.4,3.8-17,4.7\tc-3.2,0.4-8.3,1.1-14.2,0.9c-1.5-0.1-6.3-0.4-12-1.6c-5.7-1.2-11-3.1-15.8-3.7C6.5,9.2,0,10.8,0,10.8V0h283.5V9.7z M260.8,11.3\tc-0.7-1-2-0.4-4.3-0.4c-2.3,0-6.1-1.2-5.8-1.1c0.3,0.1,3.1,1.5,6,1.9C259.7,12.2,261.4,12.3,260.8,11.3z M242.4,8.6\tc0,0-2.4-0.2-5.6-0.9c-3.2-0.8-10.3-2.8-15.1-3.5c-8.2-1.1-15.8,0-15.1,0.1c0.8,0.1,9.6-0.6,17.6,1.1c3.3,0.7,9.3,2.2,12.4,2.7\tC239.9,8.7,242.4,8.6,242.4,8.6z M185.2,8.5c1.7-0.7-13.3,4.7-18.5,6.1c-2.1,0.6-6.2,1.6-10,2c-3.9,0.4-8.9,0.4-8.8,0.5\tc0,0.2,5.8,0.8,11.2,0c5.4-0.8,5.2-1.1,7.6-1.6C170.5,14.7,183.5,9.2,185.2,8.5z M199.1,6.9c0.2,0-0.8-0.4-4.8,1.1\tc-4,1.5-6.7,3.5-6.9,3.7c-0.2,0.1,3.5-1.8,6.6-3C197,7.5,199,6.9,199.1,6.9z M283,6c-0.1,0.1-1.9,1.1-4.8,2.5s-6.9,2.8-6.7,2.7\tc0.2,0,3.5-0.6,7.4-2.5C282.8,6.8,283.1,5.9,283,6z M31.3,11.6c0.1-0.2-1.9-0.2-4.5-1.2s-5.4-1.6-7.8-2C15,7.6,7.3,8.5,7.7,8.6\tC8,8.7,15.9,8.3,20.2,9.3c2.2,0.5,2.4,0.5,5.7,1.6S31.2,11.9,31.3,11.6z M73,9.2c0.4-0.1,3.5-1.6,8.4-2.6c4.9-1.1,8.9-0.5,8.9-0.8\tc0-0.3-1-0.9-6.2-0.3S72.6,9.3,73,9.2z M71.6,6.7C71.8,6.8,75,5.4,77.3,5c2.3-0.3,1.9-0.5,1.9-0.6c0-0.1-1.1-0.2-2.7,0.2\tC74.8,5.1,71.4,6.6,71.6,6.7z M93.6,4.4c0.1,0.2,3.5,0.8,5.6,1.8c2.1,1,1.8,0.6,1.9,0.5c0.1-0.1-0.8-0.8-2.4-1.3\tC97.1,4.8,93.5,4.2,93.6,4.4z M65.4,11.1c-0.1,0.3,0.3,0.5,1.9-0.2s2.6-1.3,2.2-1.2s-0.9,0.4-2.5,0.8C65.3,10.9,65.5,10.8,65.4,11.1\tz M34.5,12.4c-0.2,0,2.1,0.8,3.3,0.9c1.2,0.1,2,0.1,2-0.2c0-0.3-0.1-0.5-1.6-0.4C36.6,12.8,34.7,12.4,34.5,12.4z M152.2,21.1\tc-0.1,0.1-2.4-0.3-7.5-0.3c-5,0-13.6-2.4-17.2-3.5c-3.6-1.1,10,3.9,16.5,4.1C150.5,21.6,152.3,21,152.2,21.1z\"\/>\n\t<path class=\"elementor-shape-fill\" d=\"M269.6,18c-0.1-0.1-4.6,0.3-7.2,0c-7.3-0.7-17-3.2-16.6-2.9c0.4,0.3,13.7,3.1,17,3.3\tC267.7,18.8,269.7,18,269.6,18z\"\/>\n\t<path class=\"elementor-shape-fill\" d=\"M227.4,9.8c-0.2-0.1-4.5-1-9.5-1.2c-5-0.2-12.7,0.6-12.3,0.5c0.3-0.1,5.9-1.8,13.3-1.2\tS227.6,9.9,227.4,9.8z\"\/>\n\t<path class=\"elementor-shape-fill\" d=\"M204.5,13.4c-0.1-0.1,2-1,3.2-1.1c1.2-0.1,2,0,2,0.3c0,0.3-0.1,0.5-1.6,0.4\tC206.4,12.9,204.6,13.5,204.5,13.4z\"\/>\n\t<path class=\"elementor-shape-fill\" d=\"M201,10.6c0-0.1-4.4,1.2-6.3,2.2c-1.9,0.9-6.2,3.1-6.1,3.1c0.1,0.1,4.2-1.6,6.3-2.6\tS201,10.7,201,10.6z\"\/>\n\t<path class=\"elementor-shape-fill\" d=\"M154.5,26.7c-0.1-0.1-4.6,0.3-7.2,0c-7.3-0.7-17-3.2-16.6-2.9c0.4,0.3,13.7,3.1,17,3.3\tC152.6,27.5,154.6,26.8,154.5,26.7z\"\/>\n\t<path class=\"elementor-shape-fill\" d=\"M41.9,19.3c0,0,1.2-0.3,2.9-0.1c1.7,0.2,5.8,0.9,8.2,0.7c4.2-0.4,7.4-2.7,7-2.6\tc-0.4,0-4.3,2.2-8.6,1.9c-1.8-0.1-5.1-0.5-6.7-0.4S41.9,19.3,41.9,19.3z\"\/>\n\t<path class=\"elementor-shape-fill\" d=\"M75.5,12.6c0.2,0.1,2-0.8,4.3-1.1c2.3-0.2,2.1-0.3,2.1-0.5c0-0.1-1.8-0.4-3.4,0\tC76.9,11.5,75.3,12.5,75.5,12.6z\"\/>\n\t<path class=\"elementor-shape-fill\" d=\"M15.6,13.2c0-0.1,4.3,0,6.7,0.5c2.4,0.5,5,1.9,5,2c0,0.1-2.7-0.8-5.1-1.4\tC19.9,13.7,15.7,13.3,15.6,13.2z\"\/>\n<\/svg>\t\t<\/div>\n\t\t<div class=\"elementor-element elementor-element-176f6af e-con-full e-flex e-con e-child\" data-id=\"176f6af\" data-element_type=\"container\" data-e-type=\"container\">\n\t\t\t\t<div class=\"elementor-element elementor-element-39e51b2 elementor-widget elementor-widget-heading\" data-id=\"39e51b2\" data-element_type=\"widget\" data-e-type=\"widget\" data-widget_type=\"heading.default\">\n\t\t\t\t<div class=\"elementor-widget-container\">\n\t\t\t\t\t<h1 class=\"elementor-heading-title elementor-size-default\">Inventaire par Gamme<\/h1>\t\t\t\t<\/div>\n\t\t\t\t<\/div>\n\t\t\t\t<div class=\"elementor-element elementor-element-3d88c4d elementor-widget elementor-widget-text-editor\" data-id=\"3d88c4d\" data-element_type=\"widget\" data-e-type=\"widget\" data-widget_type=\"text-editor.default\">\n\t\t\t\t<div class=\"elementor-widget-container\">\n\t\t\t\t\t\t\t\t\t<p><strong data-start=\"367\" data-end=\"453\">Camping Les Bruy\u00e8res de Carnac<\/strong><\/p>\t\t\t\t\t\t\t\t<\/div>\n\t\t\t\t<\/div>\n\t\t\t\t<\/div>\n\t\t\t\t\t<\/div>\n\t\t\t\t<\/div>\n\t\t<div class=\"elementor-element elementor-element-68f0f19 e-con-full e-flex e-con e-parent\" data-id=\"68f0f19\" data-element_type=\"container\" data-e-type=\"container\" data-settings=\"{&quot;background_background&quot;:&quot;classic&quot;}\">\n\t\t\t\t<\/div>\n\t\t<div class=\"elementor-element elementor-element-7d80371 e-flex e-con-boxed e-con e-parent\" data-id=\"7d80371\" data-element_type=\"container\" data-e-type=\"container\" data-settings=\"{&quot;background_background&quot;:&quot;classic&quot;,&quot;shape_divider_top&quot;:&quot;wave-brush&quot;,&quot;background_motion_fx_motion_fx_scrolling&quot;:&quot;yes&quot;,&quot;background_motion_fx_translateY_effect&quot;:&quot;yes&quot;,&quot;background_motion_fx_translateY_speed&quot;:{&quot;unit&quot;:&quot;px&quot;,&quot;size&quot;:6,&quot;sizes&quot;:[]},&quot;background_motion_fx_translateY_affectedRange&quot;:{&quot;unit&quot;:&quot;%&quot;,&quot;size&quot;:&quot;&quot;,&quot;sizes&quot;:{&quot;start&quot;:0,&quot;end&quot;:100}},&quot;background_motion_fx_devices&quot;:[&quot;desktop&quot;,&quot;tablet&quot;,&quot;mobile&quot;]}\">\n\t\t\t\t\t<div class=\"e-con-inner\">\n\t\t\t\t<div class=\"elementor-shape elementor-shape-top\" aria-hidden=\"true\" data-negative=\"false\">\n\t\t\t<svg xmlns=\"http:\/\/www.w3.org\/2000\/svg\" viewBox=\"0 0 283.5 27.8\" preserveAspectRatio=\"none\">\n\t<path class=\"elementor-shape-fill\" d=\"M283.5,9.7c0,0-7.3,4.3-14,4.6c-6.8,0.3-12.6,0-20.9-1.5c-11.3-2-33.1-10.1-44.7-5.7\ts-12.1,4.6-18,7.4c-6.6,3.2-20,9.6-36.6,9.3C131.6,23.5,99.5,7.2,86.3,8c-1.4,0.1-6.6,0.8-10.5,2c-3.8,1.2-9.4,3.8-17,4.7\tc-3.2,0.4-8.3,1.1-14.2,0.9c-1.5-0.1-6.3-0.4-12-1.6c-5.7-1.2-11-3.1-15.8-3.7C6.5,9.2,0,10.8,0,10.8V0h283.5V9.7z M260.8,11.3\tc-0.7-1-2-0.4-4.3-0.4c-2.3,0-6.1-1.2-5.8-1.1c0.3,0.1,3.1,1.5,6,1.9C259.7,12.2,261.4,12.3,260.8,11.3z M242.4,8.6\tc0,0-2.4-0.2-5.6-0.9c-3.2-0.8-10.3-2.8-15.1-3.5c-8.2-1.1-15.8,0-15.1,0.1c0.8,0.1,9.6-0.6,17.6,1.1c3.3,0.7,9.3,2.2,12.4,2.7\tC239.9,8.7,242.4,8.6,242.4,8.6z M185.2,8.5c1.7-0.7-13.3,4.7-18.5,6.1c-2.1,0.6-6.2,1.6-10,2c-3.9,0.4-8.9,0.4-8.8,0.5\tc0,0.2,5.8,0.8,11.2,0c5.4-0.8,5.2-1.1,7.6-1.6C170.5,14.7,183.5,9.2,185.2,8.5z M199.1,6.9c0.2,0-0.8-0.4-4.8,1.1\tc-4,1.5-6.7,3.5-6.9,3.7c-0.2,0.1,3.5-1.8,6.6-3C197,7.5,199,6.9,199.1,6.9z M283,6c-0.1,0.1-1.9,1.1-4.8,2.5s-6.9,2.8-6.7,2.7\tc0.2,0,3.5-0.6,7.4-2.5C282.8,6.8,283.1,5.9,283,6z M31.3,11.6c0.1-0.2-1.9-0.2-4.5-1.2s-5.4-1.6-7.8-2C15,7.6,7.3,8.5,7.7,8.6\tC8,8.7,15.9,8.3,20.2,9.3c2.2,0.5,2.4,0.5,5.7,1.6S31.2,11.9,31.3,11.6z M73,9.2c0.4-0.1,3.5-1.6,8.4-2.6c4.9-1.1,8.9-0.5,8.9-0.8\tc0-0.3-1-0.9-6.2-0.3S72.6,9.3,73,9.2z M71.6,6.7C71.8,6.8,75,5.4,77.3,5c2.3-0.3,1.9-0.5,1.9-0.6c0-0.1-1.1-0.2-2.7,0.2\tC74.8,5.1,71.4,6.6,71.6,6.7z M93.6,4.4c0.1,0.2,3.5,0.8,5.6,1.8c2.1,1,1.8,0.6,1.9,0.5c0.1-0.1-0.8-0.8-2.4-1.3\tC97.1,4.8,93.5,4.2,93.6,4.4z M65.4,11.1c-0.1,0.3,0.3,0.5,1.9-0.2s2.6-1.3,2.2-1.2s-0.9,0.4-2.5,0.8C65.3,10.9,65.5,10.8,65.4,11.1\tz M34.5,12.4c-0.2,0,2.1,0.8,3.3,0.9c1.2,0.1,2,0.1,2-0.2c0-0.3-0.1-0.5-1.6-0.4C36.6,12.8,34.7,12.4,34.5,12.4z M152.2,21.1\tc-0.1,0.1-2.4-0.3-7.5-0.3c-5,0-13.6-2.4-17.2-3.5c-3.6-1.1,10,3.9,16.5,4.1C150.5,21.6,152.3,21,152.2,21.1z\"\/>\n\t<path class=\"elementor-shape-fill\" d=\"M269.6,18c-0.1-0.1-4.6,0.3-7.2,0c-7.3-0.7-17-3.2-16.6-2.9c0.4,0.3,13.7,3.1,17,3.3\tC267.7,18.8,269.7,18,269.6,18z\"\/>\n\t<path class=\"elementor-shape-fill\" d=\"M227.4,9.8c-0.2-0.1-4.5-1-9.5-1.2c-5-0.2-12.7,0.6-12.3,0.5c0.3-0.1,5.9-1.8,13.3-1.2\tS227.6,9.9,227.4,9.8z\"\/>\n\t<path class=\"elementor-shape-fill\" d=\"M204.5,13.4c-0.1-0.1,2-1,3.2-1.1c1.2-0.1,2,0,2,0.3c0,0.3-0.1,0.5-1.6,0.4\tC206.4,12.9,204.6,13.5,204.5,13.4z\"\/>\n\t<path class=\"elementor-shape-fill\" d=\"M201,10.6c0-0.1-4.4,1.2-6.3,2.2c-1.9,0.9-6.2,3.1-6.1,3.1c0.1,0.1,4.2-1.6,6.3-2.6\tS201,10.7,201,10.6z\"\/>\n\t<path class=\"elementor-shape-fill\" d=\"M154.5,26.7c-0.1-0.1-4.6,0.3-7.2,0c-7.3-0.7-17-3.2-16.6-2.9c0.4,0.3,13.7,3.1,17,3.3\tC152.6,27.5,154.6,26.8,154.5,26.7z\"\/>\n\t<path class=\"elementor-shape-fill\" d=\"M41.9,19.3c0,0,1.2-0.3,2.9-0.1c1.7,0.2,5.8,0.9,8.2,0.7c4.2-0.4,7.4-2.7,7-2.6\tc-0.4,0-4.3,2.2-8.6,1.9c-1.8-0.1-5.1-0.5-6.7-0.4S41.9,19.3,41.9,19.3z\"\/>\n\t<path class=\"elementor-shape-fill\" d=\"M75.5,12.6c0.2,0.1,2-0.8,4.3-1.1c2.3-0.2,2.1-0.3,2.1-0.5c0-0.1-1.8-0.4-3.4,0\tC76.9,11.5,75.3,12.5,75.5,12.6z\"\/>\n\t<path class=\"elementor-shape-fill\" d=\"M15.6,13.2c0-0.1,4.3,0,6.7,0.5c2.4,0.5,5,1.9,5,2c0,0.1-2.7-0.8-5.1-1.4\tC19.9,13.7,15.7,13.3,15.6,13.2z\"\/>\n<\/svg>\t\t<\/div>\n\t\t<div class=\"elementor-element elementor-element-0ce24e3 e-flex e-con-boxed e-con e-child\" data-id=\"0ce24e3\" data-element_type=\"container\" data-e-type=\"container\" data-settings=\"{&quot;background_background&quot;:&quot;classic&quot;}\">\n\t\t\t\t\t<div class=\"e-con-inner\">\n\t\t\t\t<div class=\"elementor-element elementor-element-2f3bdb7 elementor-widget elementor-widget-image\" data-id=\"2f3bdb7\" data-element_type=\"widget\" data-e-type=\"widget\" data-widget_type=\"image.default\">\n\t\t\t\t<div class=\"elementor-widget-container\">\n\t\t\t\t\t\t\t\t\t\t\t\t\t\t\t<img fetchpriority=\"high\" decoding=\"async\" width=\"800\" height=\"488\" src=\"https:\/\/lesbruyeresdecarnac.com\/wp-content\/uploads\/2023\/11\/Untitled-5-1024x624.png\" class=\"attachment-large size-large wp-image-210\" alt=\"\" srcset=\"https:\/\/lesbruyeresdecarnac.com\/wp-content\/uploads\/2023\/11\/Untitled-5-1024x624.png 1024w, https:\/\/lesbruyeresdecarnac.com\/wp-content\/uploads\/2023\/11\/Untitled-5-300x183.png 300w, https:\/\/lesbruyeresdecarnac.com\/wp-content\/uploads\/2023\/11\/Untitled-5-768x468.png 768w, https:\/\/lesbruyeresdecarnac.com\/wp-content\/uploads\/2023\/11\/Untitled-5-1536x936.png 1536w, https:\/\/lesbruyeresdecarnac.com\/wp-content\/uploads\/2023\/11\/Untitled-5-18x12.png 18w, https:\/\/lesbruyeresdecarnac.com\/wp-content\/uploads\/2023\/11\/Untitled-5.png 1726w\" sizes=\"(max-width: 800px) 100vw, 800px\" \/>\t\t\t\t\t\t\t\t\t\t\t\t\t\t\t<\/div>\n\t\t\t\t<\/div>\n\t\t\t\t<div class=\"elementor-element elementor-element-3249146 elementor-widget elementor-widget-heading\" data-id=\"3249146\" data-element_type=\"widget\" data-e-type=\"widget\" data-widget_type=\"heading.default\">\n\t\t\t\t<div class=\"elementor-widget-container\">\n\t\t\t\t\t<h2 class=\"elementor-heading-title elementor-size-default\">\ud83d\udcc5 R\u00e9servez vos vacances avec votre chien ou votre chat \u00e0 Carnac<\/h2>\t\t\t\t<\/div>\n\t\t\t\t<\/div>\n\t\t\t\t<div class=\"elementor-element elementor-element-d95f6fb elementor-widget elementor-widget-text-editor\" data-id=\"d95f6fb\" data-element_type=\"widget\" data-e-type=\"widget\" data-widget_type=\"text-editor.default\">\n\t\t\t\t<div class=\"elementor-widget-container\">\n\t\t\t\t\t\t\t\t\t<p data-start=\"3059\" data-end=\"3260\">\ud83c\udfd5\ufe0f Que vous choisissiez un mobil-home ou un emplacement de camping, vous pouvez <strong data-start=\"3140\" data-end=\"3195\">ajouter vos animaux lors de la r\u00e9servation en ligne<\/strong>. Il suffit de cocher l\u2019option correspondante pour chaque animal.<\/p><p data-start=\"3262\" data-end=\"3380\"><strong>\ud83d\udd17 <a class=\"\" href=\"https:\/\/reservation.secureholiday.net\/fr\/4968\/search\/product-list?searchType=exact&amp;travelers=2%40&amp;productType=all&amp;filterStatus=showPeriod&amp;_gl=1%2a13y4wuy%2a_gcl_au%2aOTk4NTIwNDg2LjE3NDY0MzE2ODM.%2a_ga%2aMTg5OTA3OTU1Mi4xNjU2NTgwODM0%2a_ga_8W6DQPQFJ2%2aczE3NDgxNjA0NTgkbzcwMCRnMSR0MTc0ODE2MjM4NSRqMCRsMCRoMA..\" target=\"_blank\" rel=\"noopener\" data-start=\"3265\" data-end=\"3302\">R\u00e9servez votre s\u00e9jour maintenant<\/a><\/strong><br data-start=\"3302\" data-end=\"3305\" \/>\ud83d\udcde Des questions ? <a href=\"https:\/\/lesbruyeresdecarnac.com\/contactez-nous\/\" target=\"_blank\" rel=\"noopener\"><strong>Contactez nos pirates<\/strong><\/a>, nous sommes \u00e0 votre \u00e9coute.<\/p>\t\t\t\t\t\t\t\t<\/div>\n\t\t\t\t<\/div>\n\t\t\t\t<div class=\"elementor-element elementor-element-ed516c0 elementor-widget elementor-widget-text-editor\" data-id=\"ed516c0\" data-element_type=\"widget\" data-e-type=\"widget\" data-widget_type=\"text-editor.default\">\n\t\t\t\t<div class=\"elementor-widget-container\">\n\t\t\t\t\t\t\t\t\t<p>Bienvenue au Camping Les Bruy\u00e8res de Carnac, un joyau cach\u00e9 au c\u0153ur de la Bretagne du Sud, o\u00f9 l&rsquo;ombre des pirates et la gr\u00e2ce des sir\u00e8nes s&rsquo;entrelacent pour cr\u00e9er une exp\u00e9rience unique et m\u00e9morable.<\/p><p>D\u00e8s que vous franchissez les portes du camping, l&rsquo;atmosph\u00e8re envo\u00fbtante des pirates et des sir\u00e8nes vous transporte dans un univers f\u00e9erique. Le navire du Capitaine John se dresse fi\u00e8rement au-dessus de la r\u00e9ception, offrant une vue imprenable sur la place des Pirates, centre n\u00e9vralgique du camping.<\/p>\t\t\t\t\t\t\t\t<\/div>\n\t\t\t\t<\/div>\n\t\t\t\t\t<\/div>\n\t\t\t\t<\/div>\n\t\t\t\t\t<\/div>\n\t\t\t\t<\/div>\n\t\t\t\t<\/div>\n\t\t","protected":false},"excerpt":{"rendered":"<p>Holidaying with your dog in Carnac? Les Bruy\u00e8res, a dog-friendly campsite in Morbihan, welcomes you! Dog-friendly mobile homes and pitches.<\/p>","protected":false},"author":1,"featured_media":7,"parent":0,"menu_order":0,"comment_status":"closed","ping_status":"closed","template":"","meta":{"_acf_changed":false,"inline_featured_image":false,"footnotes":""},"categories":[],"tags":[],"class_list":["post-3536","page","type-page","status-publish","has-post-thumbnail","hentry"],"acf":[],"yoast_head":"<!-- This site is optimized with the Yoast SEO plugin v27.4 - https:\/\/yoast.com\/product\/yoast-seo-wordpress\/ -->\n<title>Inventaire \u2013 Camping Les Bruy\u00e8res 4* - Bienvenue chez les Pirates<\/title>\n<meta name=\"description\" content=\"Inventaire Camping Les Bruy\u00e8res de Carnac 4*. Les Pirates de Carnac vous re\u00e7oivent sur la Terre des L\u00e9gendes\" \/>\n<meta name=\"robots\" content=\"index, follow, max-snippet:-1, max-image-preview:large, max-video-preview:-1\" \/>\n<link rel=\"canonical\" href=\"https:\/\/lesbruyeresdecarnac.com\/en\/inventory-les-bruyeres\/\" \/>\n<meta property=\"og:locale\" content=\"en_GB\" \/>\n<meta property=\"og:type\" content=\"article\" \/>\n<meta property=\"og:title\" content=\"Camping Carnac en Bretagne Sud - Les Bruy\u00e8res de Carnac ***\" \/>\n<meta property=\"og:description\" content=\"Camping Carnac 3 \u00e9toiles en Bretagne Sud \u25b8Le camping Les Bruy\u00e8res vous accueille pr\u00e8s des plages de Quiberon et du Golfe du Morbihan !\" \/>\n<meta property=\"og:url\" content=\"https:\/\/lesbruyeresdecarnac.com\/en\/inventory-les-bruyeres\/\" \/>\n<meta property=\"og:site_name\" content=\"Les Bruyeres de carnac\" \/>\n<meta property=\"article:publisher\" content=\"https:\/\/www.facebook.com\/Camping.les.Bruyeres.Carnac\" \/>\n<meta property=\"article:modified_time\" content=\"2025-07-26T16:43:32+00:00\" \/>\n<meta property=\"og:image\" content=\"https:\/\/lesbruyeresdecarnac.com\/wp-content\/uploads\/2023\/11\/lesbruyeresblanctete.png\" \/>\n\t<meta property=\"og:image:width\" content=\"12501\" \/>\n\t<meta property=\"og:image:height\" content=\"5910\" \/>\n\t<meta property=\"og:image:type\" content=\"image\/png\" \/>\n<meta name=\"twitter:card\" content=\"summary_large_image\" \/>\n<meta name=\"twitter:label1\" content=\"Estimated reading time\" \/>\n\t<meta name=\"twitter:data1\" content=\"2 minutes\" \/>\n<script type=\"application\/ld+json\" class=\"yoast-schema-graph\">{\"@context\":\"https:\\\/\\\/schema.org\",\"@graph\":[{\"@type\":\"WebPage\",\"@id\":\"https:\\\/\\\/lesbruyeresdecarnac.com\\\/inventaire-les-bruyeres\\\/\",\"url\":\"https:\\\/\\\/lesbruyeresdecarnac.com\\\/inventaire-les-bruyeres\\\/\",\"name\":\"Inventaire \u2013 Camping Les Bruy\u00e8res 4* - Bienvenue chez les Pirates\",\"isPartOf\":{\"@id\":\"https:\\\/\\\/lesbruyeresdecarnac.com\\\/#website\"},\"primaryImageOfPage\":{\"@id\":\"https:\\\/\\\/lesbruyeresdecarnac.com\\\/inventaire-les-bruyeres\\\/#primaryimage\"},\"image\":{\"@id\":\"https:\\\/\\\/lesbruyeresdecarnac.com\\\/inventaire-les-bruyeres\\\/#primaryimage\"},\"thumbnailUrl\":\"https:\\\/\\\/lesbruyeresdecarnac.com\\\/wp-content\\\/uploads\\\/2023\\\/11\\\/NEW-LOGO-4-PIRATES-e1715868270390.jpg\",\"datePublished\":\"2025-07-05T15:25:12+00:00\",\"dateModified\":\"2025-07-26T16:43:32+00:00\",\"description\":\"Inventaire Camping Les Bruy\u00e8res de Carnac 4*. Les Pirates de Carnac vous re\u00e7oivent sur la Terre des L\u00e9gendes\",\"inLanguage\":\"en-GB\",\"potentialAction\":[{\"@type\":\"ReadAction\",\"target\":[\"https:\\\/\\\/lesbruyeresdecarnac.com\\\/inventaire-les-bruyeres\\\/\"]}]},{\"@type\":\"ImageObject\",\"inLanguage\":\"en-GB\",\"@id\":\"https:\\\/\\\/lesbruyeresdecarnac.com\\\/inventaire-les-bruyeres\\\/#primaryimage\",\"url\":\"https:\\\/\\\/lesbruyeresdecarnac.com\\\/wp-content\\\/uploads\\\/2023\\\/11\\\/NEW-LOGO-4-PIRATES-e1715868270390.jpg\",\"contentUrl\":\"https:\\\/\\\/lesbruyeresdecarnac.com\\\/wp-content\\\/uploads\\\/2023\\\/11\\\/NEW-LOGO-4-PIRATES-e1715868270390.jpg\",\"width\":1024,\"height\":1024,\"caption\":\"Retrouvez les Pirates \u00e0 Carnac - Camping Les Bruy\u00e8res de Carnac Baie de Quiberon Morbihan Bretagne Sud France\"},{\"@type\":\"WebSite\",\"@id\":\"https:\\\/\\\/lesbruyeresdecarnac.com\\\/#website\",\"url\":\"https:\\\/\\\/lesbruyeresdecarnac.com\\\/\",\"name\":\"Les Bruyeres de carnac\",\"description\":\"Camping \u00e0 Carnac 4 \u00e9toiles\",\"publisher\":{\"@id\":\"https:\\\/\\\/lesbruyeresdecarnac.com\\\/#organization\"},\"potentialAction\":[{\"@type\":\"SearchAction\",\"target\":{\"@type\":\"EntryPoint\",\"urlTemplate\":\"https:\\\/\\\/lesbruyeresdecarnac.com\\\/?s={search_term_string}\"},\"query-input\":{\"@type\":\"PropertyValueSpecification\",\"valueRequired\":true,\"valueName\":\"search_term_string\"}}],\"inLanguage\":\"en-GB\"},{\"@type\":\"Organization\",\"@id\":\"https:\\\/\\\/lesbruyeresdecarnac.com\\\/#organization\",\"name\":\"Camping Les Bruy\u00e8res de Carnac\",\"url\":\"https:\\\/\\\/lesbruyeresdecarnac.com\\\/\",\"logo\":{\"@type\":\"ImageObject\",\"inLanguage\":\"en-GB\",\"@id\":\"https:\\\/\\\/lesbruyeresdecarnac.com\\\/#\\\/schema\\\/logo\\\/image\\\/\",\"url\":\"https:\\\/\\\/lesbruyeresdecarnac.com\\\/wp-content\\\/uploads\\\/2023\\\/11\\\/lesbruyeresblanctete.png\",\"contentUrl\":\"https:\\\/\\\/lesbruyeresdecarnac.com\\\/wp-content\\\/uploads\\\/2023\\\/11\\\/lesbruyeresblanctete.png\",\"width\":12501,\"height\":5910,\"caption\":\"Camping Les Bruy\u00e8res de Carnac\"},\"image\":{\"@id\":\"https:\\\/\\\/lesbruyeresdecarnac.com\\\/#\\\/schema\\\/logo\\\/image\\\/\"},\"sameAs\":[\"https:\\\/\\\/www.facebook.com\\\/Camping.les.Bruyeres.Carnac\",\"https:\\\/\\\/www.instagram.com\\\/campinglesbruyeresdecarnac\\\/\"]}]}<\/script>\n<!-- \/ Yoast SEO plugin. -->","yoast_head_json":{"title":"Inventaire \u2013 Camping Les Bruy\u00e8res 4* - Bienvenue chez les Pirates","description":"Inventaire Camping Les Bruy\u00e8res de Carnac 4*. Les Pirates de Carnac vous re\u00e7oivent sur la Terre des L\u00e9gendes","robots":{"index":"index","follow":"follow","max-snippet":"max-snippet:-1","max-image-preview":"max-image-preview:large","max-video-preview":"max-video-preview:-1"},"canonical":"https:\/\/lesbruyeresdecarnac.com\/en\/inventory-les-bruyeres\/","og_locale":"en_GB","og_type":"article","og_title":"Camping Carnac en Bretagne Sud - Les Bruy\u00e8res de Carnac ***","og_description":"Camping Carnac 3 \u00e9toiles en Bretagne Sud \u25b8Le camping Les Bruy\u00e8res vous accueille pr\u00e8s des plages de Quiberon et du Golfe du Morbihan !","og_url":"https:\/\/lesbruyeresdecarnac.com\/en\/inventory-les-bruyeres\/","og_site_name":"Les Bruyeres de carnac","article_publisher":"https:\/\/www.facebook.com\/Camping.les.Bruyeres.Carnac","article_modified_time":"2025-07-26T16:43:32+00:00","og_image":[{"width":12501,"height":5910,"url":"https:\/\/lesbruyeresdecarnac.com\/wp-content\/uploads\/2023\/11\/lesbruyeresblanctete.png","type":"image\/png"}],"twitter_card":"summary_large_image","twitter_misc":{"Estimated reading time":"2 minutes"},"schema":{"@context":"https:\/\/schema.org","@graph":[{"@type":"WebPage","@id":"https:\/\/lesbruyeresdecarnac.com\/inventaire-les-bruyeres\/","url":"https:\/\/lesbruyeresdecarnac.com\/inventaire-les-bruyeres\/","name":"Inventaire \u2013 Camping Les Bruy\u00e8res 4* - Bienvenue chez les Pirates","isPartOf":{"@id":"https:\/\/lesbruyeresdecarnac.com\/#website"},"primaryImageOfPage":{"@id":"https:\/\/lesbruyeresdecarnac.com\/inventaire-les-bruyeres\/#primaryimage"},"image":{"@id":"https:\/\/lesbruyeresdecarnac.com\/inventaire-les-bruyeres\/#primaryimage"},"thumbnailUrl":"https:\/\/lesbruyeresdecarnac.com\/wp-content\/uploads\/2023\/11\/NEW-LOGO-4-PIRATES-e1715868270390.jpg","datePublished":"2025-07-05T15:25:12+00:00","dateModified":"2025-07-26T16:43:32+00:00","description":"Inventaire Camping Les Bruy\u00e8res de Carnac 4*. Les Pirates de Carnac vous re\u00e7oivent sur la Terre des L\u00e9gendes","inLanguage":"en-GB","potentialAction":[{"@type":"ReadAction","target":["https:\/\/lesbruyeresdecarnac.com\/inventaire-les-bruyeres\/"]}]},{"@type":"ImageObject","inLanguage":"en-GB","@id":"https:\/\/lesbruyeresdecarnac.com\/inventaire-les-bruyeres\/#primaryimage","url":"https:\/\/lesbruyeresdecarnac.com\/wp-content\/uploads\/2023\/11\/NEW-LOGO-4-PIRATES-e1715868270390.jpg","contentUrl":"https:\/\/lesbruyeresdecarnac.com\/wp-content\/uploads\/2023\/11\/NEW-LOGO-4-PIRATES-e1715868270390.jpg","width":1024,"height":1024,"caption":"Retrouvez les Pirates \u00e0 Carnac - Camping Les Bruy\u00e8res de Carnac Baie de Quiberon Morbihan Bretagne Sud France"},{"@type":"WebSite","@id":"https:\/\/lesbruyeresdecarnac.com\/#website","url":"https:\/\/lesbruyeresdecarnac.com\/","name":"Les Bruyeres de carnac","description":"Camping \u00e0 Carnac 4 \u00e9toiles","publisher":{"@id":"https:\/\/lesbruyeresdecarnac.com\/#organization"},"potentialAction":[{"@type":"SearchAction","target":{"@type":"EntryPoint","urlTemplate":"https:\/\/lesbruyeresdecarnac.com\/?s={search_term_string}"},"query-input":{"@type":"PropertyValueSpecification","valueRequired":true,"valueName":"search_term_string"}}],"inLanguage":"en-GB"},{"@type":"Organization","@id":"https:\/\/lesbruyeresdecarnac.com\/#organization","name":"Campsite Les Bruy\u00e8res de Carnac","url":"https:\/\/lesbruyeresdecarnac.com\/","logo":{"@type":"ImageObject","inLanguage":"en-GB","@id":"https:\/\/lesbruyeresdecarnac.com\/#\/schema\/logo\/image\/","url":"https:\/\/lesbruyeresdecarnac.com\/wp-content\/uploads\/2023\/11\/lesbruyeresblanctete.png","contentUrl":"https:\/\/lesbruyeresdecarnac.com\/wp-content\/uploads\/2023\/11\/lesbruyeresblanctete.png","width":12501,"height":5910,"caption":"Camping Les Bruy\u00e8res de Carnac"},"image":{"@id":"https:\/\/lesbruyeresdecarnac.com\/#\/schema\/logo\/image\/"},"sameAs":["https:\/\/www.facebook.com\/Camping.les.Bruyeres.Carnac","https:\/\/www.instagram.com\/campinglesbruyeresdecarnac\/"]}]}},"_links":{"self":[{"href":"https:\/\/lesbruyeresdecarnac.com\/en\/wp-json\/wp\/v2\/pages\/3536","targetHints":{"allow":["GET"]}}],"collection":[{"href":"https:\/\/lesbruyeresdecarnac.com\/en\/wp-json\/wp\/v2\/pages"}],"about":[{"href":"https:\/\/lesbruyeresdecarnac.com\/en\/wp-json\/wp\/v2\/types\/page"}],"author":[{"embeddable":true,"href":"https:\/\/lesbruyeresdecarnac.com\/en\/wp-json\/wp\/v2\/users\/1"}],"replies":[{"embeddable":true,"href":"https:\/\/lesbruyeresdecarnac.com\/en\/wp-json\/wp\/v2\/comments?post=3536"}],"version-history":[{"count":4,"href":"https:\/\/lesbruyeresdecarnac.com\/en\/wp-json\/wp\/v2\/pages\/3536\/revisions"}],"predecessor-version":[{"id":3540,"href":"https:\/\/lesbruyeresdecarnac.com\/en\/wp-json\/wp\/v2\/pages\/3536\/revisions\/3540"}],"wp:featuredmedia":[{"embeddable":true,"href":"https:\/\/lesbruyeresdecarnac.com\/en\/wp-json\/wp\/v2\/media\/7"}],"wp:attachment":[{"href":"https:\/\/lesbruyeresdecarnac.com\/en\/wp-json\/wp\/v2\/media?parent=3536"}],"wp:term":[{"taxonomy":"category","embeddable":true,"href":"https:\/\/lesbruyeresdecarnac.com\/en\/wp-json\/wp\/v2\/categories?post=3536"},{"taxonomy":"post_tag","embeddable":true,"href":"https:\/\/lesbruyeresdecarnac.com\/en\/wp-json\/wp\/v2\/tags?post=3536"}],"curies":[{"name":"wp","href":"https:\/\/api.w.org\/{rel}","templated":true}]}}