{"id":1061,"date":"2023-11-22T13:27:35","date_gmt":"2023-11-22T12:27:35","guid":{"rendered":"http:\/\/lesbruyres.local\/?page_id=1061"},"modified":"2025-07-26T18:12:00","modified_gmt":"2025-07-26T17:12:00","slug":"legal-information","status":"publish","type":"page","link":"https:\/\/lesbruyeresdecarnac.com\/en\/legal-information\/","title":{"rendered":"Legal information"},"content":{"rendered":"<div data-elementor-type=\"wp-page\" data-elementor-id=\"1061\" class=\"elementor elementor-1061\" data-elementor-post-type=\"page\">\n\t\t\t\t<div class=\"elementor-element elementor-element-41407ab e-con-full e-flex e-con e-parent\" data-id=\"41407ab\" data-element_type=\"container\" data-e-type=\"container\" data-settings=\"{&quot;background_background&quot;:&quot;classic&quot;}\">\n\t\t<div class=\"elementor-element elementor-element-42af250 e-con-full e-flex e-con e-child\" data-id=\"42af250\" data-element_type=\"container\" data-e-type=\"container\">\n\t\t\t\t<div class=\"elementor-element elementor-element-bb752b7 elementor-widget elementor-widget-text-editor\" data-id=\"bb752b7\" data-element_type=\"widget\" data-e-type=\"widget\" data-widget_type=\"text-editor.default\">\n\t\t\t\t<div class=\"elementor-widget-container\">\n\t\t\t\t\t\t\t\t\t<h1>Legal Notice - Les Bruy\u00e8res de Carnac<\/h1><h2>1 - Editing the site<\/h2><p>In accordance with <strong><a href=\"https:\/\/www.legifrance.gouv.fr\/affichTexte.do?cidTexte=JORFTEXT000000801164#LEGIARTI000042038977\" target=\"_blank\" rel=\"noreferrer noopener\">Article 6 of law no. 2004-575 of 21 June 2004<\/a><\/strong> for confidence in the digital economy, users of the website are hereby informed that <a href=\"https:\/\/lesbruyeresdecarnac.com\/en\"><strong>https:\/\/lesbruyeresdecarnac.com\/<\/strong><\/a> the identity of the various parties involved in its implementation and monitoring:<\/p><p><strong>Site owner : <\/strong><\/p><p>- Contact: <br \/>contact@camping-lesbruyeres.com 0297523057<\/p><p>- Address: <br \/>Campsite Les Bruy\u00e8res de Carnac<br \/>Lieu dit Kerogile<br \/>56340 Carnac<br \/>France.<\/p><p><strong>Company identification :<\/strong><\/p><p>SAS with share capital of \u20ac10,000<\/p><p>- SIREN :<\/p><p>- RCS or RM: Lorient B 480 546 845<\/p><p>- Postal address:<br \/>Campsite Les Bruy\u00e8res de Carnac<br \/>Lieu dit Kerogile<br \/>56340 Carnac<br \/>France.<br \/><a href=\"https:\/\/lesbruyeresdecarnac.com\/wp-content\/uploads\/2021\/07\/2021.cgv_.fr_.pdf\"><strong>GENERAL TERMS AND CONDITIONS<\/strong><\/a><\/p><p><strong>Director of publication :<\/strong><\/p><p>Chrystelle Ricordeau<br \/>Contact: contact@camping-lesbruyeres.com<\/p><p><strong>Hosted by :<\/strong><\/p><p>LWS<br \/>4, RUE GALVANI<br \/>75838 PARIS CEDEX<br \/>FRANCE<br \/>01 77 62 30 03<\/p><p><strong>Data Protection Officer : <\/strong><\/p><p>Chrystelle Ricordeau - contact@camping-lesbruyeres.com<\/p><p><strong>Other contributors :<\/strong><\/p><h3>Creation of the website<\/h3><p>Iconic-Digital<br \/>Tel: +33 7.49.31.13.92<br \/>Email : contact@iconic-digital.fr<br \/>Website : <strong><a href=\"http:\/\/www.iconic-digital.fr\">www.iconic-digital.fr<\/a><\/strong><\/p><p>\u00a0<\/p><h2>2 - Intellectual property and counterfeiting.<\/h2><p>Les Bruy\u00e8res de Carnac is the owner of the intellectual property rights and holds the rights to use all the elements accessible on the website, in particular the texts, images, graphics, logos, videos, architecture, icons and sounds.<\/p><p>Any reproduction, representation, modification, publication, adaptation of all or part of the elements of the site, whatever the means or process used, is prohibited, except with the prior written authorisation of Christelle Ricordeau.<\/p><p>Any unauthorised use of the site or of any of the elements it contains will be considered to constitute an infringement and will be prosecuted in accordance with the provisions of articles <a href=\"https:\/\/www.legifrance.gouv.fr\/affichCodeArticle.do?idArticle=LEGIARTI000032655082&amp;cidTexte=LEGITEXT000006069414&amp;dateTexte=20160605\" target=\"_blank\" rel=\"noreferrer noopener\"><strong>L.335-2 et seq. of the French Intellectual Property Code<\/strong><\/a>.<\/p><h2>3 - Limitations of liability.<\/h2><p>Les Bruy\u00e8res de Carnac cannot be held responsible for any direct or indirect damage caused to the user's equipment when accessing the site. <a href=\"https:\/\/lesbruyeresdecarnac.com\/en\"><strong>https:\/\/lesbruyeresdecarnac.com\/<\/strong><\/a>.<\/p><p>Les Bruy\u00e8res de Carnac accepts no responsibility for the use that may be made of the information and content present on this website. <a href=\"https:\/\/lesbruyeresdecarnac.com\/en\"><strong>https:\/\/lesbruyeresdecarnac.com\/<\/strong><\/a>.<\/p><p>Les Bruy\u00e8res de Carnac is committed to making the site as safe as possible <a href=\"https:\/\/lesbruyeresdecarnac.com\/en\"><strong>https:\/\/lesbruyeresdecarnac.com\/<\/strong><\/a>However, it cannot be held liable if unwanted data is imported and installed on its site without its knowledge.<\/p><p>Interactive areas (contact or comments) are available to users. reserves the right to delete, without prior notice, any content posted in this area that contravenes the legislation applicable in France, in particular the provisions relating to data protection.<\/p><p>Where applicable, the company also reserves the right to hold the user civilly and\/or criminally liable, particularly in the event of messages of a racist, insulting, defamatory or pornographic nature, whatever the medium used (text, photographs, etc.).<\/p><h2>4 - CNIL and personal data management.<\/h2><p>In accordance with the provisions of <strong><a href=\"https:\/\/www.legifrance.gouv.fr\/affichTexte.do?cidTexte=JORFTEXT000000886460\" target=\"_blank\" rel=\"noreferrer noopener\">Act 78-17 of 6 January 1978 as amended<\/a><\/strong>the user of the <a href=\"https:\/\/lesbruyeresdecarnac.com\/en\"><strong>https:\/\/lesbruyeresdecarnac.com\/<\/strong><\/a> has the right to access, modify and delete the information collected. To exercise this right, send a message to our Data Protection Officer : <strong>Chrystelle Ricordeau<\/strong> &#8211; <strong>contact@camping-lesbruyeres.com<\/strong>.<\/p><h2>5 - Hypertext links and cookies<\/h2><p>The website <strong><a href=\"http:\/\/https:\/\/lesbruyeresdecarnac.com\/\">https:\/\/lesbruyeresdecarnac.com\/<\/a><\/strong> contains hypertext links to other sites and accepts no responsibility for these external links or for links created by other sites to <a href=\"http:\/\/https:\/\/lesbruyeresdecarnac.com\/\"><strong>https:\/\/lesbruyeresdecarnac.com\/<\/strong><\/a>.<\/p><p>Browsing the site <a href=\"https:\/\/lesbruyeresdecarnac.com\/en\"><strong>https:\/\/lesbruyeresdecarnac.com\/<\/strong><\/a> may cause cookies to be installed on the user's computer.<\/p><p>A \"cookie\" is a small file that records information about a user's browsing on a site. The data obtained in this way can be used to measure visitor numbers, for example.<\/p><p>You can <strong>accept or refuse cookies<\/strong> by changing your browser settings. No cookies will be deposited without your consent.<\/p><p>Cookies are stored for a maximum of one month.<\/p><h2>6 - Applicable law and jurisdiction.<\/h2><p>Any dispute relating to the use of the site <a href=\"https:\/\/lesbruyeresdecarnac.com\/en\"><strong>https:\/\/lesbruyeresdecarnac.com\/<\/strong><\/a> is governed by French law. Except in cases where the law does not allow it, exclusive jurisdiction is given to the competent courts of <strong>Lorient<\/strong>.<\/p>\t\t\t\t\t\t\t\t<\/div>\n\t\t\t\t<\/div>\n\t\t\t\t<\/div>\n\t\t\t\t<\/div>\n\t\t\t\t<\/div>","protected":false},"excerpt":{"rendered":"<p>Mobile home rental and unusual accommodation in Carnac -<br \/>\nLes Pirates at Carnac - Camping Les Bruy\u00e8res de Carnac Baie de Quiberon Morbihan Bretagne Sud France<\/p>","protected":false},"author":1,"featured_media":7,"parent":0,"menu_order":0,"comment_status":"closed","ping_status":"open","template":"","meta":{"_acf_changed":false,"inline_featured_image":false,"footnotes":""},"categories":[],"tags":[],"class_list":["post-1061","page","type-page","status-publish","has-post-thumbnail","hentry"],"acf":[],"yoast_head":"<!-- This site is optimized with the Yoast SEO plugin v27.4 - https:\/\/yoast.com\/product\/yoast-seo-wordpress\/ -->\n<title>Mentions l\u00e9gales Camping Les Bruy\u00e8res de Carnac 4*<\/title>\n<meta name=\"description\" content=\"Mentions l\u00e9gales - Camping Les Bruy\u00e8res de Carnac 4* dans le Golfe du Morbihan, en Baie de Quiberon, Bretagne Sud, France - Camping Carnac\" \/>\n<meta name=\"robots\" content=\"index, follow, max-snippet:-1, max-image-preview:large, max-video-preview:-1\" \/>\n<link rel=\"canonical\" href=\"https:\/\/lesbruyeresdecarnac.com\/en\/legal-information\/\" \/>\n<meta property=\"og:locale\" content=\"en_GB\" \/>\n<meta property=\"og:type\" content=\"article\" \/>\n<meta property=\"og:title\" content=\"Mentions l\u00e9gales Camping Les Bruy\u00e8res de Carnac 4*\" \/>\n<meta property=\"og:description\" content=\"Mentions l\u00e9gales - Camping Les Bruy\u00e8res de Carnac 4* dans le Golfe du Morbihan, en Baie de Quiberon, Bretagne Sud, France - Camping Carnac\" \/>\n<meta property=\"og:url\" content=\"https:\/\/lesbruyeresdecarnac.com\/en\/legal-information\/\" \/>\n<meta property=\"og:site_name\" content=\"Les Bruyeres de carnac\" \/>\n<meta property=\"article:publisher\" content=\"https:\/\/www.facebook.com\/Camping.les.Bruyeres.Carnac\" \/>\n<meta property=\"article:modified_time\" content=\"2025-07-26T17:12:00+00:00\" \/>\n<meta property=\"og:image\" content=\"https:\/\/lesbruyeresdecarnac.com\/wp-content\/uploads\/2023\/11\/NEW-LOGO-4-PIRATES-e1715868270390.jpg\" \/>\n\t<meta property=\"og:image:width\" content=\"1024\" \/>\n\t<meta property=\"og:image:height\" content=\"1024\" \/>\n\t<meta property=\"og:image:type\" content=\"image\/jpeg\" \/>\n<meta name=\"twitter:card\" content=\"summary_large_image\" \/>\n<meta name=\"twitter:label1\" content=\"Estimated reading time\" \/>\n\t<meta name=\"twitter:data1\" content=\"4 minutes\" \/>\n<script type=\"application\/ld+json\" class=\"yoast-schema-graph\">{\"@context\":\"https:\\\/\\\/schema.org\",\"@graph\":[{\"@type\":\"WebPage\",\"@id\":\"https:\\\/\\\/lesbruyeresdecarnac.com\\\/mentions-legales\\\/\",\"url\":\"https:\\\/\\\/lesbruyeresdecarnac.com\\\/mentions-legales\\\/\",\"name\":\"Mentions l\u00e9gales Camping Les Bruy\u00e8res de Carnac 4*\",\"isPartOf\":{\"@id\":\"https:\\\/\\\/lesbruyeresdecarnac.com\\\/#website\"},\"primaryImageOfPage\":{\"@id\":\"https:\\\/\\\/lesbruyeresdecarnac.com\\\/mentions-legales\\\/#primaryimage\"},\"image\":{\"@id\":\"https:\\\/\\\/lesbruyeresdecarnac.com\\\/mentions-legales\\\/#primaryimage\"},\"thumbnailUrl\":\"https:\\\/\\\/lesbruyeresdecarnac.com\\\/wp-content\\\/uploads\\\/2023\\\/11\\\/NEW-LOGO-4-PIRATES-e1715868270390.jpg\",\"datePublished\":\"2023-11-22T12:27:35+00:00\",\"dateModified\":\"2025-07-26T17:12:00+00:00\",\"description\":\"Mentions l\u00e9gales - Camping Les Bruy\u00e8res de Carnac 4* dans le Golfe du Morbihan, en Baie de Quiberon, Bretagne Sud, France - Camping Carnac\",\"inLanguage\":\"en-GB\",\"potentialAction\":[{\"@type\":\"ReadAction\",\"target\":[\"https:\\\/\\\/lesbruyeresdecarnac.com\\\/mentions-legales\\\/\"]}]},{\"@type\":\"ImageObject\",\"inLanguage\":\"en-GB\",\"@id\":\"https:\\\/\\\/lesbruyeresdecarnac.com\\\/mentions-legales\\\/#primaryimage\",\"url\":\"https:\\\/\\\/lesbruyeresdecarnac.com\\\/wp-content\\\/uploads\\\/2023\\\/11\\\/NEW-LOGO-4-PIRATES-e1715868270390.jpg\",\"contentUrl\":\"https:\\\/\\\/lesbruyeresdecarnac.com\\\/wp-content\\\/uploads\\\/2023\\\/11\\\/NEW-LOGO-4-PIRATES-e1715868270390.jpg\",\"width\":1024,\"height\":1024,\"caption\":\"Retrouvez les Pirates \u00e0 Carnac - Camping Les Bruy\u00e8res de Carnac Baie de Quiberon Morbihan Bretagne Sud France\"},{\"@type\":\"WebSite\",\"@id\":\"https:\\\/\\\/lesbruyeresdecarnac.com\\\/#website\",\"url\":\"https:\\\/\\\/lesbruyeresdecarnac.com\\\/\",\"name\":\"Les Bruyeres de carnac\",\"description\":\"Camping \u00e0 Carnac 4 \u00e9toiles\",\"publisher\":{\"@id\":\"https:\\\/\\\/lesbruyeresdecarnac.com\\\/#organization\"},\"potentialAction\":[{\"@type\":\"SearchAction\",\"target\":{\"@type\":\"EntryPoint\",\"urlTemplate\":\"https:\\\/\\\/lesbruyeresdecarnac.com\\\/?s={search_term_string}\"},\"query-input\":{\"@type\":\"PropertyValueSpecification\",\"valueRequired\":true,\"valueName\":\"search_term_string\"}}],\"inLanguage\":\"en-GB\"},{\"@type\":\"Organization\",\"@id\":\"https:\\\/\\\/lesbruyeresdecarnac.com\\\/#organization\",\"name\":\"Camping Les Bruy\u00e8res de Carnac\",\"url\":\"https:\\\/\\\/lesbruyeresdecarnac.com\\\/\",\"logo\":{\"@type\":\"ImageObject\",\"inLanguage\":\"en-GB\",\"@id\":\"https:\\\/\\\/lesbruyeresdecarnac.com\\\/#\\\/schema\\\/logo\\\/image\\\/\",\"url\":\"https:\\\/\\\/lesbruyeresdecarnac.com\\\/wp-content\\\/uploads\\\/2023\\\/11\\\/lesbruyeresblanctete.png\",\"contentUrl\":\"https:\\\/\\\/lesbruyeresdecarnac.com\\\/wp-content\\\/uploads\\\/2023\\\/11\\\/lesbruyeresblanctete.png\",\"width\":12501,\"height\":5910,\"caption\":\"Camping Les Bruy\u00e8res de Carnac\"},\"image\":{\"@id\":\"https:\\\/\\\/lesbruyeresdecarnac.com\\\/#\\\/schema\\\/logo\\\/image\\\/\"},\"sameAs\":[\"https:\\\/\\\/www.facebook.com\\\/Camping.les.Bruyeres.Carnac\",\"https:\\\/\\\/www.instagram.com\\\/campinglesbruyeresdecarnac\\\/\"]}]}<\/script>\n<!-- \/ Yoast SEO plugin. -->","yoast_head_json":{"title":"Mentions l\u00e9gales Camping Les Bruy\u00e8res de Carnac 4*","description":"Mentions l\u00e9gales - Camping Les Bruy\u00e8res de Carnac 4* dans le Golfe du Morbihan, en Baie de Quiberon, Bretagne Sud, France - Camping Carnac","robots":{"index":"index","follow":"follow","max-snippet":"max-snippet:-1","max-image-preview":"max-image-preview:large","max-video-preview":"max-video-preview:-1"},"canonical":"https:\/\/lesbruyeresdecarnac.com\/en\/legal-information\/","og_locale":"en_GB","og_type":"article","og_title":"Mentions l\u00e9gales Camping Les Bruy\u00e8res de Carnac 4*","og_description":"Mentions l\u00e9gales - Camping Les Bruy\u00e8res de Carnac 4* dans le Golfe du Morbihan, en Baie de Quiberon, Bretagne Sud, France - Camping Carnac","og_url":"https:\/\/lesbruyeresdecarnac.com\/en\/legal-information\/","og_site_name":"Les Bruyeres de carnac","article_publisher":"https:\/\/www.facebook.com\/Camping.les.Bruyeres.Carnac","article_modified_time":"2025-07-26T17:12:00+00:00","og_image":[{"width":1024,"height":1024,"url":"https:\/\/lesbruyeresdecarnac.com\/wp-content\/uploads\/2023\/11\/NEW-LOGO-4-PIRATES-e1715868270390.jpg","type":"image\/jpeg"}],"twitter_card":"summary_large_image","twitter_misc":{"Estimated reading time":"4 minutes"},"schema":{"@context":"https:\/\/schema.org","@graph":[{"@type":"WebPage","@id":"https:\/\/lesbruyeresdecarnac.com\/mentions-legales\/","url":"https:\/\/lesbruyeresdecarnac.com\/mentions-legales\/","name":"Mentions l\u00e9gales Camping Les Bruy\u00e8res de Carnac 4*","isPartOf":{"@id":"https:\/\/lesbruyeresdecarnac.com\/#website"},"primaryImageOfPage":{"@id":"https:\/\/lesbruyeresdecarnac.com\/mentions-legales\/#primaryimage"},"image":{"@id":"https:\/\/lesbruyeresdecarnac.com\/mentions-legales\/#primaryimage"},"thumbnailUrl":"https:\/\/lesbruyeresdecarnac.com\/wp-content\/uploads\/2023\/11\/NEW-LOGO-4-PIRATES-e1715868270390.jpg","datePublished":"2023-11-22T12:27:35+00:00","dateModified":"2025-07-26T17:12:00+00:00","description":"Mentions l\u00e9gales - Camping Les Bruy\u00e8res de Carnac 4* dans le Golfe du Morbihan, en Baie de Quiberon, Bretagne Sud, France - Camping Carnac","inLanguage":"en-GB","potentialAction":[{"@type":"ReadAction","target":["https:\/\/lesbruyeresdecarnac.com\/mentions-legales\/"]}]},{"@type":"ImageObject","inLanguage":"en-GB","@id":"https:\/\/lesbruyeresdecarnac.com\/mentions-legales\/#primaryimage","url":"https:\/\/lesbruyeresdecarnac.com\/wp-content\/uploads\/2023\/11\/NEW-LOGO-4-PIRATES-e1715868270390.jpg","contentUrl":"https:\/\/lesbruyeresdecarnac.com\/wp-content\/uploads\/2023\/11\/NEW-LOGO-4-PIRATES-e1715868270390.jpg","width":1024,"height":1024,"caption":"Retrouvez les Pirates \u00e0 Carnac - Camping Les Bruy\u00e8res de Carnac Baie de Quiberon Morbihan Bretagne Sud France"},{"@type":"WebSite","@id":"https:\/\/lesbruyeresdecarnac.com\/#website","url":"https:\/\/lesbruyeresdecarnac.com\/","name":"Les Bruyeres de carnac","description":"Camping \u00e0 Carnac 4 \u00e9toiles","publisher":{"@id":"https:\/\/lesbruyeresdecarnac.com\/#organization"},"potentialAction":[{"@type":"SearchAction","target":{"@type":"EntryPoint","urlTemplate":"https:\/\/lesbruyeresdecarnac.com\/?s={search_term_string}"},"query-input":{"@type":"PropertyValueSpecification","valueRequired":true,"valueName":"search_term_string"}}],"inLanguage":"en-GB"},{"@type":"Organization","@id":"https:\/\/lesbruyeresdecarnac.com\/#organization","name":"Campsite Les Bruy\u00e8res de Carnac","url":"https:\/\/lesbruyeresdecarnac.com\/","logo":{"@type":"ImageObject","inLanguage":"en-GB","@id":"https:\/\/lesbruyeresdecarnac.com\/#\/schema\/logo\/image\/","url":"https:\/\/lesbruyeresdecarnac.com\/wp-content\/uploads\/2023\/11\/lesbruyeresblanctete.png","contentUrl":"https:\/\/lesbruyeresdecarnac.com\/wp-content\/uploads\/2023\/11\/lesbruyeresblanctete.png","width":12501,"height":5910,"caption":"Camping Les Bruy\u00e8res de Carnac"},"image":{"@id":"https:\/\/lesbruyeresdecarnac.com\/#\/schema\/logo\/image\/"},"sameAs":["https:\/\/www.facebook.com\/Camping.les.Bruyeres.Carnac","https:\/\/www.instagram.com\/campinglesbruyeresdecarnac\/"]}]}},"_links":{"self":[{"href":"https:\/\/lesbruyeresdecarnac.com\/en\/wp-json\/wp\/v2\/pages\/1061","targetHints":{"allow":["GET"]}}],"collection":[{"href":"https:\/\/lesbruyeresdecarnac.com\/en\/wp-json\/wp\/v2\/pages"}],"about":[{"href":"https:\/\/lesbruyeresdecarnac.com\/en\/wp-json\/wp\/v2\/types\/page"}],"author":[{"embeddable":true,"href":"https:\/\/lesbruyeresdecarnac.com\/en\/wp-json\/wp\/v2\/users\/1"}],"replies":[{"embeddable":true,"href":"https:\/\/lesbruyeresdecarnac.com\/en\/wp-json\/wp\/v2\/comments?post=1061"}],"version-history":[{"count":1,"href":"https:\/\/lesbruyeresdecarnac.com\/en\/wp-json\/wp\/v2\/pages\/1061\/revisions"}],"predecessor-version":[{"id":3855,"href":"https:\/\/lesbruyeresdecarnac.com\/en\/wp-json\/wp\/v2\/pages\/1061\/revisions\/3855"}],"wp:featuredmedia":[{"embeddable":true,"href":"https:\/\/lesbruyeresdecarnac.com\/en\/wp-json\/wp\/v2\/media\/7"}],"wp:attachment":[{"href":"https:\/\/lesbruyeresdecarnac.com\/en\/wp-json\/wp\/v2\/media?parent=1061"}],"wp:term":[{"taxonomy":"category","embeddable":true,"href":"https:\/\/lesbruyeresdecarnac.com\/en\/wp-json\/wp\/v2\/categories?post=1061"},{"taxonomy":"post_tag","embeddable":true,"href":"https:\/\/lesbruyeresdecarnac.com\/en\/wp-json\/wp\/v2\/tags?post=1061"}],"curies":[{"name":"wp","href":"https:\/\/api.w.org\/{rel}","templated":true}]}}